{"id":11,"date":"2019-06-20T16:29:20","date_gmt":"2019-06-20T20:29:20","guid":{"rendered":"http:\/\/geodbone.com\/contenido\/?p=11"},"modified":"2022-11-14T17:06:26","modified_gmt":"2022-11-14T20:06:26","slug":"sobre-nosotros","status":"publish","type":"page","link":"https:\/\/www.geodbone.com\/spa\/sobre-nosotros\/","title":{"rendered":"Sobre nosotros"},"content":{"rendered":"<h1><span style=\"font-size:50px; color:#ffffff\";><br \/>\nSobre nosotros<\/span><\/h1>\n<div><span style=\"font-size:21px; color:#ffffff\";>Multidisciplinario, coordinado y centrado en un objetivo com\u00fan; innovar y mejorar la salud de nuestros pacientes.<br \/>\n<!--<span style=\"font-size:20px; color:#ffffff\";>--><\/p><\/div>\n<h2><!--<span style=\"font-size: 24px; line-height: 20px;\">\n    \nGEODBONE is a spin-off as a result of the Research and Development of the Pontifical Catholic University of Chile (PUC). <\/span> --><\/p>\n<p>GEODBONE es una spin-off fruto de la Investigaci\u00f3n y Desarrollo de la Pontificia Universidad Cat\u00f3lica de Chile (PUC).<\/h2>\n<div>\n<p>Formada por un equipo multidisciplinario centrado en el estudio y desarrollo de una nueva part\u00edcula sint\u00e9tica para ser utilizada en defectos \u00f3seos derivados de lesiones tumorales, qu\u00edsticas o traum\u00e1ticas.<\/p>\n<\/div>\n<div>\n<h3>POR QU\u00c9<\/h3>\n<div>Mejorar la calidad de vida de las personas.<\/div>\n<\/div>\n<div>\n<h3>C\u00d3MO<\/h3>\n<div>A trav\u00e9s de innovaciones biotecnol\u00f3gicas.<\/div>\n<\/div>\n<div>\n<h3>QU\u00c9<\/h3>\n<div>\n<p>Creamos un material biocompatible, biodegradable y biol\u00f3gicamente activo, fabricado con prototipado r\u00e1pido en impresi\u00f3n 3D, con una forma geod\u00e9sica muy espec\u00edfica, y con una superficie microporosa. <br \/>Todo ello, aporta propiedades osteoconductoras, donde estas part\u00edculas permitir\u00e1n adem\u00e1s del relleno \u00f3seo, promover el desarrollo celular entre y dentro de las part\u00edculas.<\/p>\n<\/div>\n<\/div>\n<div>\n<h3>Nuestra soluci\u00f3n proporciona<\/h3>\n<div>\n<ul>\n<li><span>Recuperaci\u00f3n m\u00e1s r\u00e1pida del paciente.<\/span><\/li>\n<li><span>Bajo riesgo de infecci\u00f3n y efectos adversos (se espera un 0%).<\/span><\/li>\n<li><span>Personalizaci\u00f3n del dise\u00f1o mediante la creaci\u00f3n r\u00e1pida de prototipos en 3D.<\/span><\/li>\n<li><span>Bajos costes de fabricaci\u00f3n -&gt; precios competitivos para el paciente.<\/span><\/li>\n<\/ul>\n<\/div>\n<\/div>\n<h2>Nuestro Equipo GEODBONE<\/h2>\n<div>\n<p style=\"font-size:22px\";>Multidisciplinario, coordinado y centrado en un objetivo com\u00fan; innovar y mejorar la salud de nuestros pacientes.<\/p>\n<\/div>\n<div>\n<p>    <span style=\"margin:10px;\"><\/span> <\/span>\n<\/div>\n<p>\n    <a href=\"\/spa\/equipo\/\">Conoce al equipo<\/a>\n<\/p>\n<p><!--more--><br \/>\n<!-- {\"name\":\"Product Specs\",\"type\":\"layout\",\"children\":[{\"name\":\"Hero\",\"type\":\"section\",\"props\":{\"width\":\"default\",\"style\":\"default\",\"height\":\"percent\",\"image\":\"wp-content\\\/uploads\\\/2022\\\/10\\\/geodbone-about-5.jpg\",\"animation\":\"slide-left-medium\",\"image_position\":\"center-center\",\"vertical_align\":\"middle\",\"title_position\":\"top-left\",\"title_rotation\":\"left\",\"title_breakpoint\":\"xl\",\"image_width\":\"2560\",\"image_loading\":true,\"animation_delay\":\"false\",\"image_height\":\"600\"},\"children\":[{\"name\":\"\",\"type\":\"row\",\"props\":{\"layout\":\"1-2,1-2\",\"vertical_align\":true,\"column_gap\":\"large\",\"row_gap\":\"large\"},\"children\":[{\"name\":\"\",\"type\":\"column\",\"props\":{\"image_position\":\"center-center\",\"media_overlay_gradient\":\"\",\"width_medium\":\"1-2\",\"position_sticky_breakpoint\":\"m\"},\"children\":[{\"name\":\"\",\"type\":\"headline\",\"props\":{\"title_element\":\"h1\",\"content\":\"<span style=\\\"font-size:50px; color:#ffffff\\\";>\\nSobre nosotros<\\\/span>\",\"text_align\":\"left\",\"text_align_breakpoint\":\"m\",\"text_align_fallback\":\"left\",\"maxwidth\":\"xlarge\",\"margin_remove_top\":false}},{\"type\":\"text\",\"props\":{\"margin\":\"default\",\"column_breakpoint\":\"m\",\"content\":\"<span style=\\\"font-size:21px; color:#ffffff\\\";>Multidisciplinario, coordinado y centrado en un objetivo com\\u00fan; innovar y mejorar la salud de nuestros pacientes.\\n<!--<span style=\\\"font-size:20px; color:#ffffff\\\";>-->\\n    \\n    \\n    &#8220;,&#8221;text_align&#8221;:&#8221;left&#8221;}}]},{&#8220;name&#8221;:&#8221;&#8221;,&#8221;type&#8221;:&#8221;column&#8221;,&#8221;props&#8221;:{&#8220;image_position&#8221;:&#8221;center-center&#8221;,&#8221;media_overlay_gradient&#8221;:&#8221;&#8221;,&#8221;width_medium&#8221;:&#8221;1-2&#8243;,&#8221;position_sticky_breakpoint&#8221;:&#8221;m&#8221;}}]}]},{&#8220;name&#8221;:&#8221;Product description&#8221;,&#8221;type&#8221;:&#8221;section&#8221;,&#8221;props&#8221;:{&#8220;image_size&#8221;:&#8221;cover&#8221;,&#8221;width&#8221;:&#8221;default&#8221;,&#8221;padding&#8221;:&#8221;large&#8221;,&#8221;style&#8221;:&#8221;default&#8221;,&#8221;animation&#8221;:&#8221;slide-bottom-small&#8221;,&#8221;image_position&#8221;:&#8221;center-center&#8221;,&#8221;vertical_align&#8221;:&#8221;middle&#8221;,&#8221;title_position&#8221;:&#8221;top-left&#8221;,&#8221;title_rotation&#8221;:&#8221;left&#8221;,&#8221;title_breakpoint&#8221;:&#8221;xl&#8221;},&#8221;children&#8221;:[{&#8220;name&#8221;:&#8221;&#8221;,&#8221;type&#8221;:&#8221;row&#8221;,&#8221;props&#8221;:{&#8220;layout&#8221;:&#8221;2-5,3-5&#8243;,&#8221;divider&#8221;:true,&#8221;column_gap&#8221;:&#8221;large&#8221;,&#8221;row_gap&#8221;:&#8221;large&#8221;},&#8221;children&#8221;:[{&#8220;name&#8221;:&#8221;&#8221;,&#8221;type&#8221;:&#8221;column&#8221;,&#8221;props&#8221;:{&#8220;image_position&#8221;:&#8221;center-center&#8221;,&#8221;media_overlay_gradient&#8221;:&#8221;&#8221;,&#8221;width_medium&#8221;:&#8221;2-5&#8243;,&#8221;position_sticky_breakpoint&#8221;:&#8221;m&#8221;},&#8221;children&#8221;:[{&#8220;name&#8221;:&#8221;&#8221;,&#8221;type&#8221;:&#8221;headline&#8221;,&#8221;props&#8221;:{&#8220;title_element&#8221;:&#8221;h2&#8243;,&#8221;content&#8221;:&#8221;<!--<span style=\\\"font-size: 24px; line-height: 20px;\\\">\\n    \\nGEODBONE is a spin-off as a result of the Research and Development of the Pontifical Catholic University of Chile (PUC). <\\\/span> -->\\n\\nGEODBONE es una spin-off fruto de la Investigaci\\u00f3n y Desarrollo de la Pontificia Universidad Cat\\u00f3lica de Chile (PUC).&#8221;,&#8221;title_style&#8221;:&#8221;h2&#8243;}},{&#8220;name&#8221;:&#8221;&#8221;,&#8221;type&#8221;:&#8221;divider&#8221;,&#8221;props&#8221;:{&#8220;divider_element&#8221;:&#8221;div&#8221;,&#8221;divider_style&#8221;:&#8221;small&#8221;,&#8221;divider_align&#8221;:&#8221;&#8221;}},{&#8220;name&#8221;:&#8221;&#8221;,&#8221;type&#8221;:&#8221;text&#8221;,&#8221;props&#8221;:{&#8220;margin&#8221;:&#8221;medium&#8221;,&#8221;content&#8221;:&#8221;<\/p>\n<p>Formada por un equipo multidisciplinario centrado en el estudio y desarrollo de una nueva part\\u00edcula sint\\u00e9tica para ser utilizada en defectos \\u00f3seos derivados de lesiones tumorales, qu\\u00edsticas o traum\\u00e1ticas.<\\\/p>&#8220;,&#8221;column_breakpoint&#8221;:&#8221;m&#8221;}}]},{&#8220;name&#8221;:&#8221;&#8221;,&#8221;type&#8221;:&#8221;column&#8221;,&#8221;props&#8221;:{&#8220;image_position&#8221;:&#8221;center-center&#8221;,&#8221;media_overlay_gradient&#8221;:&#8221;&#8221;,&#8221;width_medium&#8221;:&#8221;3-5&#8243;,&#8221;position_sticky_breakpoint&#8221;:&#8221;m&#8221;},&#8221;children&#8221;:[{&#8220;type&#8221;:&#8221;panel&#8221;,&#8221;props&#8221;:{&#8220;link_text&#8221;:&#8221;Read more&#8221;,&#8221;title_hover_style&#8221;:&#8221;reset&#8221;,&#8221;title_element&#8221;:&#8221;h3&#8243;,&#8221;title_align&#8221;:&#8221;top&#8221;,&#8221;title_grid_width&#8221;:&#8221;1-2&#8243;,&#8221;title_grid_breakpoint&#8221;:&#8221;m&#8221;,&#8221;meta_style&#8221;:&#8221;text-meta&#8221;,&#8221;meta_align&#8221;:&#8221;below-content&#8221;,&#8221;content_column_breakpoint&#8221;:&#8221;m&#8221;,&#8221;icon_width&#8221;:80,&#8221;image_align&#8221;:&#8221;top&#8221;,&#8221;image_grid_width&#8221;:&#8221;1-2&#8243;,&#8221;image_grid_breakpoint&#8221;:&#8221;m&#8221;,&#8221;image_svg_color&#8221;:&#8221;emphasis&#8221;,&#8221;link_style&#8221;:&#8221;default&#8221;,&#8221;margin&#8221;:&#8221;default&#8221;,&#8221;content&#8221;:&#8221;Mejorar la calidad de vida de las personas.&#8221;,&#8221;meta&#8221;:&#8221;&#8221;,&#8221;meta_element&#8221;:&#8221;div&#8221;,&#8221;title&#8221;:&#8221;POR QU\\u00c9&#8243;}},{&#8220;type&#8221;:&#8221;panel&#8221;,&#8221;props&#8221;:{&#8220;link_text&#8221;:&#8221;Read more&#8221;,&#8221;title_hover_style&#8221;:&#8221;reset&#8221;,&#8221;title_element&#8221;:&#8221;h3&#8243;,&#8221;title_align&#8221;:&#8221;top&#8221;,&#8221;title_grid_width&#8221;:&#8221;1-2&#8243;,&#8221;title_grid_breakpoint&#8221;:&#8221;m&#8221;,&#8221;meta_style&#8221;:&#8221;text-meta&#8221;,&#8221;meta_align&#8221;:&#8221;below-content&#8221;,&#8221;content_column_breakpoint&#8221;:&#8221;m&#8221;,&#8221;icon_width&#8221;:80,&#8221;image_align&#8221;:&#8221;top&#8221;,&#8221;image_grid_width&#8221;:&#8221;1-2&#8243;,&#8221;image_grid_breakpoint&#8221;:&#8221;m&#8221;,&#8221;image_svg_color&#8221;:&#8221;emphasis&#8221;,&#8221;link_style&#8221;:&#8221;default&#8221;,&#8221;margin&#8221;:&#8221;medium&#8221;,&#8221;content&#8221;:&#8221;A trav\\u00e9s de innovaciones biotecnol\\u00f3gicas.&#8221;,&#8221;meta&#8221;:&#8221;&#8221;,&#8221;meta_element&#8221;:&#8221;div&#8221;,&#8221;title&#8221;:&#8221;C\\u00d3MO&#8221;}},{&#8220;type&#8221;:&#8221;panel&#8221;,&#8221;props&#8221;:{&#8220;link_text&#8221;:&#8221;Read more&#8221;,&#8221;title_hover_style&#8221;:&#8221;reset&#8221;,&#8221;title_element&#8221;:&#8221;h3&#8243;,&#8221;title_align&#8221;:&#8221;top&#8221;,&#8221;title_grid_width&#8221;:&#8221;1-2&#8243;,&#8221;title_grid_breakpoint&#8221;:&#8221;m&#8221;,&#8221;meta_style&#8221;:&#8221;text-meta&#8221;,&#8221;meta_align&#8221;:&#8221;below-content&#8221;,&#8221;content_column_breakpoint&#8221;:&#8221;m&#8221;,&#8221;icon_width&#8221;:80,&#8221;image_align&#8221;:&#8221;top&#8221;,&#8221;image_grid_width&#8221;:&#8221;1-2&#8243;,&#8221;image_grid_breakpoint&#8221;:&#8221;m&#8221;,&#8221;image_svg_color&#8221;:&#8221;emphasis&#8221;,&#8221;link_style&#8221;:&#8221;default&#8221;,&#8221;margin&#8221;:&#8221;medium&#8221;,&#8221;content&#8221;:&#8221;<\/p>\n<p>Creamos un material biocompatible, biodegradable y biol\\u00f3gicamente activo, fabricado con prototipado r\\u00e1pido en impresi\\u00f3n 3D, con una forma geod\\u00e9sica muy espec\\u00edfica, y con una superficie microporosa. <br \\\/>Todo ello, aporta propiedades osteoconductoras, donde estas part\\u00edculas permitir\\u00e1n adem\\u00e1s del relleno \\u00f3seo, promover el desarrollo celular entre y dentro de las part\\u00edculas.<\\\/p>&#8220;,&#8221;meta&#8221;:&#8221;&#8221;,&#8221;meta_element&#8221;:&#8221;div&#8221;,&#8221;title&#8221;:&#8221;QU\\u00c9&#8243;}},{&#8220;type&#8221;:&#8221;panel&#8221;,&#8221;props&#8221;:{&#8220;link_text&#8221;:&#8221;Read more&#8221;,&#8221;title_hover_style&#8221;:&#8221;reset&#8221;,&#8221;title_element&#8221;:&#8221;h3&#8243;,&#8221;title_align&#8221;:&#8221;top&#8221;,&#8221;title_grid_width&#8221;:&#8221;1-2&#8243;,&#8221;title_grid_breakpoint&#8221;:&#8221;m&#8221;,&#8221;meta_style&#8221;:&#8221;text-meta&#8221;,&#8221;meta_align&#8221;:&#8221;below-content&#8221;,&#8221;content_column_breakpoint&#8221;:&#8221;m&#8221;,&#8221;icon_width&#8221;:80,&#8221;image_align&#8221;:&#8221;top&#8221;,&#8221;image_grid_width&#8221;:&#8221;1-2&#8243;,&#8221;image_grid_breakpoint&#8221;:&#8221;m&#8221;,&#8221;image_svg_color&#8221;:&#8221;emphasis&#8221;,&#8221;link_style&#8221;:&#8221;default&#8221;,&#8221;margin&#8221;:&#8221;medium&#8221;,&#8221;content&#8221;:&#8221;<\/p>\n<ul>\\n<\/p>\n<li><span>Recuperaci\\u00f3n m\\u00e1s r\\u00e1pida del paciente.<\\\/span><\\\/li>\\n\n<li><span>Bajo riesgo de infecci\\u00f3n y efectos adversos (se espera un 0%).<\\\/span><\\\/li>\\n\n<li><span>Personalizaci\\u00f3n del dise\\u00f1o mediante la creaci\\u00f3n r\\u00e1pida de prototipos en 3D.<\\\/span><\\\/li>\\n\n<li><span>Bajos costes de fabricaci\\u00f3n -&gt; precios competitivos para el paciente.<\\\/span><\\\/li>\\n<\\\/ul>&#8220;,&#8221;meta&#8221;:&#8221;&#8221;,&#8221;meta_element&#8221;:&#8221;div&#8221;,&#8221;title&#8221;:&#8221;Nuestra soluci\\u00f3n proporciona&#8221;,&#8221;title_style&#8221;:&#8221;h4&#8243;}}]}]}]},{&#8220;name&#8221;:&#8221;Tagline&#8221;,&#8221;type&#8221;:&#8221;section&#8221;,&#8221;props&#8221;:{&#8220;image_size&#8221;:&#8221;cover&#8221;,&#8221;width&#8221;:&#8221;small&#8221;,&#8221;padding&#8221;:&#8221;large&#8221;,&#8221;style&#8221;:&#8221;muted&#8221;,&#8221;animation&#8221;:&#8221;fade&#8221;,&#8221;image_position&#8221;:&#8221;center-center&#8221;,&#8221;vertical_align&#8221;:&#8221;middle&#8221;,&#8221;title_position&#8221;:&#8221;top-left&#8221;,&#8221;title_rotation&#8221;:&#8221;left&#8221;,&#8221;title_breakpoint&#8221;:&#8221;xl&#8221;},&#8221;children&#8221;:[{&#8220;name&#8221;:&#8221;&#8221;,&#8221;type&#8221;:&#8221;row&#8221;,&#8221;children&#8221;:[{&#8220;name&#8221;:&#8221;&#8221;,&#8221;type&#8221;:&#8221;column&#8221;,&#8221;props&#8221;:{&#8220;image_position&#8221;:&#8221;center-center&#8221;,&#8221;media_overlay_gradient&#8221;:&#8221;&#8221;,&#8221;width_medium&#8221;:&#8221;1-1&#8243;,&#8221;position_sticky_breakpoint&#8221;:&#8221;m&#8221;},&#8221;children&#8221;:[{&#8220;name&#8221;:&#8221;&#8221;,&#8221;type&#8221;:&#8221;headline&#8221;,&#8221;props&#8221;:{&#8220;title_element&#8221;:&#8221;h2&#8243;,&#8221;content&#8221;:&#8221;Nuestro Equipo GEODBONE&#8221;,&#8221;text_align&#8221;:&#8221;center&#8221;,&#8221;title_style&#8221;:&#8221;h1&#8243;}},{&#8220;name&#8221;:&#8221;&#8221;,&#8221;type&#8221;:&#8221;text&#8221;,&#8221;props&#8221;:{&#8220;margin&#8221;:&#8221;default&#8221;,&#8221;text_align&#8221;:&#8221;center&#8221;,&#8221;column_breakpoint&#8221;:&#8221;m&#8221;,&#8221;content&#8221;:&#8221;\n<p style=\\\"font-size:22px\\\";>Multidisciplinario, coordinado y centrado en un objetivo com\\u00fan; innovar y mejorar la salud de nuestros pacientes.<\\\/p>&#8220;}},{&#8220;type&#8221;:&#8221;html&#8221;,&#8221;props&#8221;:{&#8220;content&#8221;:&#8221;<span style=\\\"margin:10px;\\\"><\\\/span> <\\\/span>&#8220;}},{&#8220;type&#8221;:&#8221;button&#8221;,&#8221;props&#8221;:{&#8220;grid_column_gap&#8221;:&#8221;small&#8221;,&#8221;grid_row_gap&#8221;:&#8221;small&#8221;,&#8221;margin&#8221;:&#8221;default&#8221;,&#8221;text_align&#8221;:&#8221;center&#8221;,&#8221;maxwidth&#8221;:&#8221;large&#8221;,&#8221;block_align&#8221;:&#8221;center&#8221;},&#8221;children&#8221;:[{&#8220;type&#8221;:&#8221;button_item&#8221;,&#8221;props&#8221;:{&#8220;button_style&#8221;:&#8221;default&#8221;,&#8221;icon_align&#8221;:&#8221;left&#8221;,&#8221;content&#8221;:&#8221;Conoce al equipo&#8221;,&#8221;link&#8221;:&#8221;equipo\\\/&#8221;}}]}]}]}]}],&#8221;version&#8221;:&#8221;3.0.6&#8243;} &#8211;><\/p>\n","protected":false},"excerpt":{"rendered":"<p>Sobre nosotros Multidisciplinario, coordinado y centrado en un objetivo com\u00fan; innovar y mejorar la salud de nuestros pacientes. GEODBONE es una spin-off fruto de la Investigaci\u00f3n y Desarrollo de la Pontificia Universidad Cat\u00f3lica de Chile (PUC). Formada por un equipo multidisciplinario centrado en el estudio y desarrollo de una nueva part\u00edcula sint\u00e9tica para ser utilizada [&hellip;]<\/p>\n","protected":false},"author":1,"featured_media":0,"parent":0,"menu_order":2,"comment_status":"closed","ping_status":"closed","template":"","meta":{"inline_featured_image":false,"footnotes":""},"class_list":["post-11","page","type-page","status-publish","hentry"],"acf":[],"_links":{"self":[{"href":"https:\/\/www.geodbone.com\/spa\/wp-json\/wp\/v2\/pages\/11","targetHints":{"allow":["GET"]}}],"collection":[{"href":"https:\/\/www.geodbone.com\/spa\/wp-json\/wp\/v2\/pages"}],"about":[{"href":"https:\/\/www.geodbone.com\/spa\/wp-json\/wp\/v2\/types\/page"}],"author":[{"embeddable":true,"href":"https:\/\/www.geodbone.com\/spa\/wp-json\/wp\/v2\/users\/1"}],"replies":[{"embeddable":true,"href":"https:\/\/www.geodbone.com\/spa\/wp-json\/wp\/v2\/comments?post=11"}],"version-history":[{"count":36,"href":"https:\/\/www.geodbone.com\/spa\/wp-json\/wp\/v2\/pages\/11\/revisions"}],"predecessor-version":[{"id":1644,"href":"https:\/\/www.geodbone.com\/spa\/wp-json\/wp\/v2\/pages\/11\/revisions\/1644"}],"wp:attachment":[{"href":"https:\/\/www.geodbone.com\/spa\/wp-json\/wp\/v2\/media?parent=11"}],"curies":[{"name":"wp","href":"https:\/\/api.w.org\/{rel}","templated":true}]}}