{"id":1107,"date":"2022-10-26T01:13:29","date_gmt":"2022-10-26T04:13:29","guid":{"rendered":"http:\/\/geodbone.com\/contenido\/?page_id=1107"},"modified":"2022-11-14T15:15:07","modified_gmt":"2022-11-14T18:15:07","slug":"solucion","status":"publish","type":"page","link":"https:\/\/www.geodbone.com\/spa\/solucion\/","title":{"rendered":"soluci\u00f3n"},"content":{"rendered":"<div><span style=\"font-size:14px; color:#ffffff\";>Investigaci\u00f3n<br \/>\n    <\/span><\/div>\n<h1><span style=\"font-size:50px; color:#ffffff\";>Soluci\u00f3n<\/span><\/h1>\n<div><span style=\"font-size:21px; color:#ffffff\";>La soluci\u00f3n es fabricar part\u00edculas de peque\u00f1o tama\u00f1o, con geometr\u00edas espec\u00edficas, con porosidad calculada y costes competitivos.<\/span><\/div>\n<h2>Soluci\u00f3n<\/h2>\n<div>\n<p><span style=\"font-size: 20px;\">La soluci\u00f3n es fabricar part\u00edculas de peque\u00f1o tama\u00f1o, con geometr\u00edas espec\u00edficas, con porosidad calculada y costes competitivos.<\/span><\/p>\n<\/div>\n<div>\n<div>\n<p>La soluci\u00f3n propuesta es el desarrollo de un material biocompatible, biodegradable y biol\u00f3gicamente activo, con una forma muy espec\u00edfica y con una superficie microporosa. Gracias a sus propiedades osteoconductoras este biomaterial de injerto, adem\u00e1s rellenar defectos \u00f3seos, permitir\u00e1 el desarrollo celular en el interior y entre las part\u00edculas.<\/p>\n<\/p>\n<p>Esta propuesta tambi\u00e9n est\u00e1 orientada a solucionar los grandes defectos \u00f3seos, donde el relleno no es una alternativa segura ya que la neovascularizaci\u00f3n de las paredes del defecto \u00f3seo no alcanza f\u00e1cilmente el centro de la cavidad, dejando las part\u00edculas sin integrar, que luego se encapsulan con la reacci\u00f3n de cuerpo extra\u00f1o.<\/p>\n<\/p>\n<p>Dada su particular forma geod\u00e9sica, las part\u00edculas de este biomaterial muestran imbricaci\u00f3n y trabaz\u00f3n entre ellas, formando unidades que pueden sobresalir uno o dos mil\u00edmetros en altura, ofreciendo la posibilidad de aumentar el volumen \u00f3seo en altura de la zona injertada.<\/p>\n<\/p>\n<p>No menos importante, estos resultados m\u00e1s predecibles se est\u00e1n pudiendo obtener con costos m\u00e1s competitivo que las soluciones actuales.<\/p>\n<\/div>\n<\/div>\n<h2>Nuestra investigaci\u00f3n<\/h2>\n<div>\n<p style=\"font-size: 22px;\">Una contribuci\u00f3n a la mejora de la investigaci\u00f3n realizada sobre la regeneraci\u00f3n de los defectos \u00f3seos.<\/p>\n<\/div>\n<p><!--more--><br \/>\n<!-- {\"name\":\"Product Specs\",\"type\":\"layout\",\"children\":[{\"name\":\"Hero\",\"type\":\"section\",\"props\":{\"width\":\"default\",\"style\":\"default\",\"height\":\"percent\",\"image_size\":\"cover\",\"image\":\"wp-content\\\/uploads\\\/2022\\\/11\\\/geodbone-opportunity.jpg\",\"animation\":\"fade\",\"image_position\":\"center-center\",\"vertical_align\":\"middle\",\"title_position\":\"top-left\",\"title_rotation\":\"left\",\"title_breakpoint\":\"xl\",\"image_width\":\"2560\",\"image_loading\":true,\"image_height\":\"600\"},\"children\":[{\"name\":\"\",\"type\":\"row\",\"props\":{\"layout\":\"1-2,1-2\",\"vertical_align\":true,\"column_gap\":\"large\",\"row_gap\":\"large\"},\"children\":[{\"name\":\"\",\"type\":\"column\",\"props\":{\"image_position\":\"center-center\",\"media_overlay_gradient\":\"\",\"width_medium\":\"1-2\",\"position_sticky_breakpoint\":\"m\"},\"children\":[{\"name\":\"\",\"type\":\"headline\",\"props\":{\"title_element\":\"div\",\"content\":\"<span style=\\\"font-size:14px; color:#ffffff\\\";>Investigaci\\u00f3n\\n    <\\\/span>\",\"text_align\":\"left\",\"text_align_breakpoint\":\"m\",\"text_align_fallback\":\"left\",\"maxwidth\":\"large\",\"margin_remove_top\":true,\"title_style\":\"h6\",\"title_color\":\"primary\",\"position\":\"relative\",\"position_top\":\"-10\"}},{\"name\":\"\",\"type\":\"headline\",\"props\":{\"title_element\":\"h1\",\"content\":\"<span style=\\\"font-size:50px; color:#ffffff\\\";>Soluci\\u00f3n<\\\/span>\",\"text_align\":\"left\",\"text_align_breakpoint\":\"m\",\"text_align_fallback\":\"left\",\"maxwidth\":\"large\",\"margin_remove_top\":true,\"position\":\"relative\",\"position_top\":\"-10\"}},{\"type\":\"text\",\"props\":{\"margin\":\"default\",\"column_breakpoint\":\"m\",\"content\":\"<span style=\\\"font-size:21px; color:#ffffff\\\";>La soluci\\u00f3n es fabricar part\\u00edculas de peque\\u00f1o tama\\u00f1o, con geometr\\u00edas espec\\u00edficas, con porosidad calculada y costes competitivos.<\\\/span>\"}}]},{\"name\":\"\",\"type\":\"column\",\"props\":{\"image_position\":\"center-center\",\"media_overlay_gradient\":\"\",\"width_medium\":\"1-2\",\"position_sticky_breakpoint\":\"m\"}}]}]},{\"name\":\"Product description\",\"type\":\"section\",\"props\":{\"image_size\":\"cover\",\"width\":\"default\",\"padding\":\"large\",\"style\":\"default\",\"animation\":\"slide-bottom-small\",\"image_position\":\"center-center\",\"vertical_align\":\"middle\",\"title_position\":\"top-left\",\"title_rotation\":\"left\",\"title_breakpoint\":\"xl\"},\"children\":[{\"name\":\"\",\"type\":\"row\",\"props\":{\"layout\":\"2-5,3-5\",\"divider\":true,\"column_gap\":\"large\",\"row_gap\":\"large\"},\"children\":[{\"name\":\"\",\"type\":\"column\",\"props\":{\"image_position\":\"center-center\",\"media_overlay_gradient\":\"\",\"width_medium\":\"2-5\",\"position_sticky_breakpoint\":\"m\"},\"children\":[{\"name\":\"\",\"type\":\"headline\",\"props\":{\"title_element\":\"h2\",\"content\":\"Soluci\\u00f3n\",\"title_style\":\"h2\"}},{\"name\":\"\",\"type\":\"divider\",\"props\":{\"divider_element\":\"div\",\"divider_style\":\"small\",\"divider_align\":\"\"}},{\"name\":\"\",\"type\":\"text\",\"props\":{\"margin\":\"medium\",\"content\":\"\n\n<p><span style=\\\"font-size: 20px;\\\">La soluci\\u00f3n es fabricar part\\u00edculas de peque\\u00f1o tama\\u00f1o, con geometr\\u00edas espec\\u00edficas, con porosidad calculada y costes competitivos.<\\\/span><\\\/p>\",\"column_breakpoint\":\"m\"}}]},{\"name\":\"\",\"type\":\"column\",\"props\":{\"image_position\":\"center-center\",\"media_overlay_gradient\":\"\",\"width_medium\":\"3-5\",\"position_sticky_breakpoint\":\"m\"},\"children\":[{\"type\":\"panel\",\"props\":{\"link_text\":\"Read more\",\"title_hover_style\":\"reset\",\"title_element\":\"h3\",\"title_align\":\"top\",\"title_grid_width\":\"1-2\",\"title_grid_breakpoint\":\"m\",\"meta_style\":\"text-meta\",\"meta_align\":\"below-content\",\"content_column_breakpoint\":\"m\",\"icon_width\":80,\"image_align\":\"top\",\"image_grid_width\":\"1-2\",\"image_grid_breakpoint\":\"m\",\"image_svg_color\":\"emphasis\",\"link_style\":\"default\",\"margin\":\"default\",\"content\":\"\n\n<p>La soluci\\u00f3n propuesta es el desarrollo de un material biocompatible, biodegradable y biol\\u00f3gicamente activo, con una forma muy espec\\u00edfica y con una superficie microporosa. Gracias a sus propiedades osteoconductoras este biomaterial de injerto, adem\\u00e1s rellenar defectos \\u00f3seos, permitir\\u00e1 el desarrollo celular en el interior y entre las part\\u00edculas.<\\\/p>\\n\n\n<p><\\\/p>\\n\n\n<p>Esta propuesta tambi\\u00e9n est\\u00e1 orientada a solucionar los grandes defectos \\u00f3seos, donde el relleno no es una alternativa segura ya que la neovascularizaci\\u00f3n de las paredes del defecto \\u00f3seo no alcanza f\\u00e1cilmente el centro de la cavidad, dejando las part\\u00edculas sin integrar, que luego se encapsulan con la reacci\\u00f3n de cuerpo extra\\u00f1o.<\\\/p>\\n\n\n<p><\\\/p>\\n\n\n<p>Dada su particular forma geod\\u00e9sica, las part\\u00edculas de este biomaterial muestran imbricaci\\u00f3n y trabaz\\u00f3n entre ellas, formando unidades que pueden sobresalir uno o dos mil\\u00edmetros en altura, ofreciendo la posibilidad de aumentar el volumen \\u00f3seo en altura de la zona injertada.<\\\/p>\\n\n\n<p><\\\/p>\\n\n\n<p>No menos importante, estos resultados m\\u00e1s predecibles se est\\u00e1n pudiendo obtener con costos m\\u00e1s competitivo que las soluciones actuales.<\\\/p>\",\"meta\":\"\",\"meta_element\":\"div\",\"title\":\"\"}}]}]}]},{\"name\":\"Tagline\",\"type\":\"section\",\"props\":{\"image_size\":\"cover\",\"width\":\"small\",\"padding\":\"large\",\"style\":\"muted\",\"animation\":\"fade\",\"image_position\":\"center-center\",\"vertical_align\":\"middle\",\"title_position\":\"top-left\",\"title_rotation\":\"left\",\"title_breakpoint\":\"xl\"},\"children\":[{\"name\":\"\",\"type\":\"row\",\"children\":[{\"name\":\"\",\"type\":\"column\",\"props\":{\"image_position\":\"center-center\",\"media_overlay_gradient\":\"\",\"width_medium\":\"1-1\",\"position_sticky_breakpoint\":\"m\"},\"children\":[{\"name\":\"\",\"type\":\"headline\",\"props\":{\"title_element\":\"h2\",\"content\":\"Nuestra investigaci\\u00f3n\",\"text_align\":\"center\",\"title_style\":\"h1\"}},{\"name\":\"\",\"type\":\"text\",\"props\":{\"margin\":\"default\",\"text_align\":\"center\",\"column_breakpoint\":\"m\",\"content\":\"\n\n<p style=\\\"font-size: 22px;\\\">Una contribuci\\u00f3n a la mejora de la investigaci\\u00f3n realizada sobre la regeneraci\\u00f3n de los defectos \\u00f3seos.<\\\/p>\"}}]}]}]}],\"version\":\"3.0.6\"} --><\/p>\n","protected":false},"excerpt":{"rendered":"<p>Investigaci\u00f3n Soluci\u00f3n La soluci\u00f3n es fabricar part\u00edculas de peque\u00f1o tama\u00f1o, con geometr\u00edas espec\u00edficas, con porosidad calculada y costes competitivos. Soluci\u00f3n La soluci\u00f3n es fabricar part\u00edculas de peque\u00f1o tama\u00f1o, con geometr\u00edas espec\u00edficas, con porosidad calculada y costes competitivos. La soluci\u00f3n propuesta es el desarrollo de un material biocompatible, biodegradable y biol\u00f3gicamente activo, con una forma muy [&hellip;]<\/p>\n","protected":false},"author":1,"featured_media":0,"parent":0,"menu_order":2,"comment_status":"closed","ping_status":"closed","template":"","meta":{"inline_featured_image":false,"footnotes":""},"class_list":["post-1107","page","type-page","status-publish","hentry"],"acf":[],"_links":{"self":[{"href":"https:\/\/www.geodbone.com\/spa\/wp-json\/wp\/v2\/pages\/1107","targetHints":{"allow":["GET"]}}],"collection":[{"href":"https:\/\/www.geodbone.com\/spa\/wp-json\/wp\/v2\/pages"}],"about":[{"href":"https:\/\/www.geodbone.com\/spa\/wp-json\/wp\/v2\/types\/page"}],"author":[{"embeddable":true,"href":"https:\/\/www.geodbone.com\/spa\/wp-json\/wp\/v2\/users\/1"}],"replies":[{"embeddable":true,"href":"https:\/\/www.geodbone.com\/spa\/wp-json\/wp\/v2\/comments?post=1107"}],"version-history":[{"count":18,"href":"https:\/\/www.geodbone.com\/spa\/wp-json\/wp\/v2\/pages\/1107\/revisions"}],"predecessor-version":[{"id":1612,"href":"https:\/\/www.geodbone.com\/spa\/wp-json\/wp\/v2\/pages\/1107\/revisions\/1612"}],"wp:attachment":[{"href":"https:\/\/www.geodbone.com\/spa\/wp-json\/wp\/v2\/media?parent=1107"}],"curies":[{"name":"wp","href":"https:\/\/api.w.org\/{rel}","templated":true}]}}