{"id":1117,"date":"2022-10-26T08:01:08","date_gmt":"2022-10-26T11:01:08","guid":{"rendered":"http:\/\/geodbone.com\/contenido\/?page_id=1117"},"modified":"2022-11-14T15:14:57","modified_gmt":"2022-11-14T18:14:57","slug":"oportunidad","status":"publish","type":"page","link":"https:\/\/www.geodbone.com\/spa\/oportunidad\/","title":{"rendered":"Oportunidad"},"content":{"rendered":"<div><span style=\"font-size:14px; color:#ffffff\";>Investigaci\u00f3n<br \/>\n    <\/span><\/div>\n<h1><span style=\"font-size:50px; color:#ffffff\";>Oportunidad<\/span><\/h1>\n<div><span style=\"font-size:21px; color:#ffffff\";>Somos una empresa formada por un equipo multidisciplinar centrado en el estudio y desarrollo de una nueva part\u00edcula sint\u00e9tica para ser utilizada en defectos \u00f3seos derivados de lesiones tumorales, qu\u00edsticas o traum\u00e1ticas<\/span><\/div>\n<h2><span>Oportunidad<\/span><\/h2>\n<div><span style=\"font-size:20px\";>Somos una empresa formada por un equipo multidisciplinar centrado en el estudio y desarrollo de una nueva part\u00edcula sint\u00e9tica para ser utilizada en defectos \u00f3seos derivados de lesiones tumorales, qu\u00edsticas o traum\u00e1ticas.<\/span><\/div>\n<div>\n<div>\n<p>Los resultados de los proyectos FONDEF D06i1026\u00a0 y CORFO INNOVA 11IDL1-10476, realizados en la Pontificia Universidad Cat\u00f3lica de Chile por el equipo de investigaci\u00f3n de esta propuesta, permitieron obtener un biomaterial constituido por part\u00edculas microporosas con un dise\u00f1o geom\u00e9trico innovador y revolucionario en el \u00e1rea de los injertos \u00f3seos, por su forma geod\u00e9sica y porosidad calculada. Por otro lado, como complemento a esta experiencia, y mediante el desarrollo de protocolos de investigaci\u00f3n en ingenier\u00eda de tejidos, en el marco del proyecto FONDEF COPEC-UC 2018.R.980, miembros del equipo han podido evaluar las propiedades osteoconductoras y osteoinductivas de las part\u00edculas de este nuevo biomaterial.<\/p>\n<\/p>\n<p>Este biomaterial de relleno \u00f3seo estar\u00eda destinada a satisfacer las necesidades quir\u00fargicas de cirujanos ortop\u00e9dicos, maxilofaciales e implant\u00f3logos, ante el reto de rellenar defectos o cavidades \u00f3seas con buen pron\u00f3stico, especialmente si son de gran volumen.<\/p>\n<\/div>\n<\/div>\n<h1>Nuestra tecnolog\u00eda<\/h1>\n<div>\n<p style=\"font-size:22px\";>Mejora la regeneraci\u00f3n \u00f3sea mediante un material de injerto constituido por part\u00edculas con propiedades biomec\u00e1nicas espec\u00edficas.<\/p>\n<\/div>\n<p><!--more--><br \/>\n<!-- {\"name\":\"Product Specs\",\"type\":\"layout\",\"children\":[{\"name\":\"Hero\",\"type\":\"section\",\"props\":{\"width\":\"default\",\"style\":\"default\",\"height\":\"percent\",\"image\":\"wp-content\\\/uploads\\\/2022\\\/10\\\/geodbone-solution.jpg\",\"animation\":\"fade\",\"image_position\":\"center-center\",\"vertical_align\":\"middle\",\"title_position\":\"top-left\",\"title_rotation\":\"left\",\"title_breakpoint\":\"xl\",\"image_width\":\"2560\",\"image_loading\":true,\"image_height\":\"600\"},\"children\":[{\"name\":\"\",\"type\":\"row\",\"props\":{\"layout\":\"1-2,1-2\",\"vertical_align\":true,\"column_gap\":\"large\",\"row_gap\":\"large\"},\"children\":[{\"name\":\"\",\"type\":\"column\",\"props\":{\"image_position\":\"center-center\",\"media_overlay_gradient\":\"\",\"width_medium\":\"1-2\",\"position_sticky_breakpoint\":\"m\"},\"children\":[{\"name\":\"\",\"type\":\"headline\",\"props\":{\"title_element\":\"div\",\"content\":\"<span style=\\\"font-size:14px; color:#ffffff\\\";>Investigaci\\u00f3n\\n    <\\\/span>\",\"text_align\":\"left\",\"text_align_breakpoint\":\"m\",\"text_align_fallback\":\"left\",\"margin_remove_top\":false,\"title_style\":\"h6\",\"title_color\":\"primary\"}},{\"name\":\"\",\"type\":\"headline\",\"props\":{\"title_element\":\"h1\",\"content\":\"<span style=\\\"font-size:50px; color:#ffffff\\\";>Oportunidad<\\\/span>\",\"text_align\":\"left\",\"text_align_breakpoint\":\"m\",\"text_align_fallback\":\"left\",\"maxwidth\":\"large\",\"margin_remove_top\":true,\"margin\":\"small\",\"margin_remove_bottom\":false,\"position\":\"relative\",\"position_top\":\"-10\"}},{\"type\":\"text\",\"props\":{\"margin\":\"default\",\"column_breakpoint\":\"m\",\"content\":\"<span style=\\\"font-size:21px; color:#ffffff\\\";>Somos una empresa formada por un equipo multidisciplinar centrado en el estudio y desarrollo de una nueva part\\u00edcula sint\\u00e9tica para ser utilizada en defectos \\u00f3seos derivados de lesiones tumorales, qu\\u00edsticas o traum\\u00e1ticas<\\\/span>\"}}]},{\"name\":\"\",\"type\":\"column\",\"props\":{\"image_position\":\"center-center\",\"media_overlay_gradient\":\"\",\"width_medium\":\"1-2\",\"position_sticky_breakpoint\":\"m\"}}]}]},{\"name\":\"Product description\",\"type\":\"section\",\"props\":{\"image_size\":\"cover\",\"width\":\"default\",\"padding\":\"large\",\"style\":\"default\",\"animation\":\"slide-bottom-small\",\"image_position\":\"center-center\",\"vertical_align\":\"middle\",\"title_position\":\"top-left\",\"title_rotation\":\"left\",\"title_breakpoint\":\"xl\"},\"children\":[{\"name\":\"\",\"type\":\"row\",\"props\":{\"layout\":\"2-5,3-5\",\"divider\":true,\"column_gap\":\"large\",\"row_gap\":\"large\"},\"children\":[{\"name\":\"\",\"type\":\"column\",\"props\":{\"image_position\":\"center-center\",\"media_overlay_gradient\":\"\",\"width_medium\":\"2-5\",\"position_sticky_breakpoint\":\"m\"},\"children\":[{\"name\":\"\",\"type\":\"headline\",\"props\":{\"title_element\":\"h2\",\"content\":\"<span>Oportunidad<\\\/span>\",\"title_style\":\"h2\"}},{\"name\":\"\",\"type\":\"divider\",\"props\":{\"divider_element\":\"div\",\"divider_style\":\"small\",\"divider_align\":\"\"}},{\"name\":\"\",\"type\":\"text\",\"props\":{\"margin\":\"medium\",\"content\":\"<span style=\\\"font-size:20px\\\";>Somos una empresa formada por un equipo multidisciplinar centrado en el estudio y desarrollo de una nueva part\\u00edcula sint\\u00e9tica para ser utilizada en defectos \\u00f3seos derivados de lesiones tumorales, qu\\u00edsticas o traum\\u00e1ticas.<\\\/span>\",\"column_breakpoint\":\"m\"}}]},{\"name\":\"\",\"type\":\"column\",\"props\":{\"image_position\":\"center-center\",\"media_overlay_gradient\":\"\",\"width_medium\":\"3-5\",\"position_sticky_breakpoint\":\"m\"},\"children\":[{\"type\":\"panel\",\"props\":{\"link_text\":\"Read more\",\"title_hover_style\":\"reset\",\"title_element\":\"h3\",\"title_align\":\"top\",\"title_grid_width\":\"1-2\",\"title_grid_breakpoint\":\"m\",\"meta_style\":\"text-meta\",\"meta_align\":\"below-content\",\"content_column_breakpoint\":\"m\",\"icon_width\":80,\"image_align\":\"top\",\"image_grid_width\":\"1-2\",\"image_grid_breakpoint\":\"m\",\"image_svg_color\":\"emphasis\",\"link_style\":\"default\",\"margin\":\"default\",\"content\":\"\n\n<p>Los resultados de los proyectos FONDEF D06i1026\\u00a0 y CORFO INNOVA 11IDL1-10476, realizados en la Pontificia Universidad Cat\\u00f3lica de Chile por el equipo de investigaci\\u00f3n de esta propuesta, permitieron obtener un biomaterial constituido por part\\u00edculas microporosas con un dise\\u00f1o geom\\u00e9trico innovador y revolucionario en el \\u00e1rea de los injertos \\u00f3seos, por su forma geod\\u00e9sica y porosidad calculada. Por otro lado, como complemento a esta experiencia, y mediante el desarrollo de protocolos de investigaci\\u00f3n en ingenier\\u00eda de tejidos, en el marco del proyecto FONDEF COPEC-UC 2018.R.980, miembros del equipo han podido evaluar las propiedades osteoconductoras y osteoinductivas de las part\\u00edculas de este nuevo biomaterial.<\\\/p>\\n\n\n<p><\\\/p>\\n\n\n<p>Este biomaterial de relleno \\u00f3seo estar\\u00eda destinada a satisfacer las necesidades quir\\u00fargicas de cirujanos ortop\\u00e9dicos, maxilofaciales e implant\\u00f3logos, ante el reto de rellenar defectos o cavidades \\u00f3seas con buen pron\\u00f3stico, especialmente si son de gran volumen.<\\\/p>\",\"meta\":\"\",\"meta_element\":\"div\",\"title\":\"\"}}]}]}]},{\"type\":\"section\",\"props\":{\"style\":\"muted\",\"width\":\"small\",\"vertical_align\":\"middle\",\"title_position\":\"top-left\",\"title_rotation\":\"left\",\"title_breakpoint\":\"xl\",\"image_position\":\"center-center\",\"padding\":\"large\",\"animation\":\"fade\"},\"children\":[{\"type\":\"row\",\"children\":[{\"type\":\"column\",\"props\":{\"position_sticky_breakpoint\":\"m\",\"image_position\":\"center-center\",\"media_overlay_gradient\":\"\"},\"children\":[{\"type\":\"headline\",\"props\":{\"title_element\":\"h1\",\"content\":\"Nuestra tecnolog\\u00eda\",\"text_align\":\"center\"}},{\"type\":\"text\",\"props\":{\"margin\":\"default\",\"column_breakpoint\":\"m\",\"content\":\"\n\n<p style=\\\"font-size:22px\\\";>Mejora la regeneraci\\u00f3n \\u00f3sea mediante un material de injerto constituido por part\\u00edculas con propiedades biomec\\u00e1nicas espec\\u00edficas.<\\\/p>\",\"text_align\":\"center\"}}]}]}]}],\"version\":\"3.0.6\"} --><\/p>\n","protected":false},"excerpt":{"rendered":"<p>Investigaci\u00f3n Oportunidad Somos una empresa formada por un equipo multidisciplinar centrado en el estudio y desarrollo de una nueva part\u00edcula sint\u00e9tica para ser utilizada en defectos \u00f3seos derivados de lesiones tumorales, qu\u00edsticas o traum\u00e1ticas Oportunidad Somos una empresa formada por un equipo multidisciplinar centrado en el estudio y desarrollo de una nueva part\u00edcula sint\u00e9tica para [&hellip;]<\/p>\n","protected":false},"author":1,"featured_media":0,"parent":0,"menu_order":2,"comment_status":"closed","ping_status":"closed","template":"","meta":{"inline_featured_image":false,"footnotes":""},"class_list":["post-1117","page","type-page","status-publish","hentry"],"acf":[],"_links":{"self":[{"href":"https:\/\/www.geodbone.com\/spa\/wp-json\/wp\/v2\/pages\/1117","targetHints":{"allow":["GET"]}}],"collection":[{"href":"https:\/\/www.geodbone.com\/spa\/wp-json\/wp\/v2\/pages"}],"about":[{"href":"https:\/\/www.geodbone.com\/spa\/wp-json\/wp\/v2\/types\/page"}],"author":[{"embeddable":true,"href":"https:\/\/www.geodbone.com\/spa\/wp-json\/wp\/v2\/users\/1"}],"replies":[{"embeddable":true,"href":"https:\/\/www.geodbone.com\/spa\/wp-json\/wp\/v2\/comments?post=1117"}],"version-history":[{"count":20,"href":"https:\/\/www.geodbone.com\/spa\/wp-json\/wp\/v2\/pages\/1117\/revisions"}],"predecessor-version":[{"id":1611,"href":"https:\/\/www.geodbone.com\/spa\/wp-json\/wp\/v2\/pages\/1117\/revisions\/1611"}],"wp:attachment":[{"href":"https:\/\/www.geodbone.com\/spa\/wp-json\/wp\/v2\/media?parent=1117"}],"curies":[{"name":"wp","href":"https:\/\/api.w.org\/{rel}","templated":true}]}}