{"id":1120,"date":"2022-10-26T09:02:56","date_gmt":"2022-10-26T12:02:56","guid":{"rendered":"http:\/\/geodbone.com\/contenido\/?page_id=1120"},"modified":"2022-11-21T21:51:34","modified_gmt":"2022-11-22T00:51:34","slug":"sobre-el-proyecto","status":"publish","type":"page","link":"https:\/\/www.geodbone.com\/spa\/sobre-el-proyecto\/","title":{"rendered":"Sobre el proyecto"},"content":{"rendered":"<div><span style=\"font-size:14px; color:#ffffff\";>Investigaci\u00f3n<br \/>\n    <\/span><\/div>\n<h1><span style=\"font-size:50px; color:#ffffff\";>Sobre el proyecto<\/span><\/h1>\n<div><span style=\"font-size:21px; color:#ffffff\";>Una contribuci\u00f3n a la mejora de la investigaci\u00f3n realizada sobre la regeneraci\u00f3n de los defectos \u00f3seos.<\/span><\/p>\n<\/div>\n<h2><span>Sobre el proyecto<\/span><\/h2>\n<div>\n<p><span>El manejo quir\u00fargico de pacientes con defectos \u00f3seos como consecuencia de tumores, quistes, malformaciones o lesiones traum\u00e1ticas es un problema frecuente en traumatolog\u00eda, cirug\u00eda maxilofacial e implantolog\u00eda debido a la complejidad de la intervenci\u00f3n y tambi\u00e9n a su recuperaci\u00f3n.<\/span><\/p>\n<\/div>\n<div>\n<h3>El problema<\/h3>\n<div>\n<div class=\"wpb_text_column wpb_content_element \">\n<div class=\"wpb_wrapper\">\n<p>Es un gran reto recuperar r\u00e1pidamente la anatom\u00eda y la funcionalidad de las estructuras \u00f3seas da\u00f1adas para mejorar la calidad de vida del paciente y devolverle cuanto antes una vida normal.<\/p>\n<\/p>\n<p>El \u201cest\u00e1ndar de oro\u201d para un injerto \u00f3seo es el propio hueso del paciente (autoinjerto), obtenido de otra regi\u00f3n de su cuerpo. Este procedimiento tiene limitaciones, debido a la escasa disponibilidad de zonas donantes de hueso con grandes vol\u00famenes y a la morbilidad a\u00f1adida por el procedimiento quir\u00fargico adicional, que suele ser m\u00e1s agresivo que el de reparaci\u00f3n.<\/p>\n<\/p>\n<p>Por ello, hist\u00f3ricamente se han desarrollado m\u00faltiples alternativas de injertos \u00f3seos, como huesos humanos procedentes de bancos o cad\u00e1veres, huesos de otras especies animales o materiales de aloinjerto naturales o sint\u00e9ticos (alopl\u00e1sticos). En este sentido, la hidroxiapatita, el fosfato tric\u00e1lcico y sus combinaciones son una alternativa viable, pr\u00e1ctica y de f\u00e1cil acceso, m\u00e1s a\u00fan ahora que la tecnolog\u00eda de fabricaci\u00f3n permite generar material particulado con formas y tama\u00f1os optimizados y precisos, lo que genera una ventaja competitiva fundamental. Investigaciones recientes sugieren que la porosidad y la geometr\u00eda confieren al sustrato propiedades osteoinductoras, con un efecto positivo en la diferenciaci\u00f3n de los osteoblastos de las c\u00e9lulas mesenquimales adultas depositadas en el sustrato.<\/p>\n<\/div>\n<\/div>\n<\/div>\n<\/div>\n<h2><span>CNN Prime<\/span><\/h2>\n<p><video src=\"\/spa\/wp-content\/uploads\/2022\/11\/CNN-Prime.mov\" poster=\"\"><\/video><\/p>\n<div>\n<p>    <span style=\"margin:10px;\"><\/span> <\/span>\n<\/div>\n<h2><span>Canal 13<\/span><\/h2>\n<p><video src=\"\/spa\/wp-content\/uploads\/2022\/11\/canal13.mp4\" poster=\"\"><\/video><\/p>\n<div>\n<p>    <span style=\"margin:10px;\"><\/span> <\/span>\n<\/div>\n<h2>Nuestro trabajo<\/h2>\n<div>\n<p style=\"font-size: 22px;\">Nuestro trabajo pretende ser una importante contribuci\u00f3n a los biomateriales que desempe\u00f1an un papel fundamental en la regeneraci\u00f3n \u00f3sea.<\/p>\n<\/div>\n<p><!--more--><br \/>\n<!-- {\"name\":\"Product Specs\",\"type\":\"layout\",\"children\":[{\"name\":\"Hero\",\"type\":\"section\",\"props\":{\"width\":\"default\",\"style\":\"default\",\"height\":\"percent\",\"image\":\"wp-content\\\/uploads\\\/2022\\\/10\\\/geodbone-about.jpg\",\"animation\":\"slide-left-medium\",\"image_position\":\"center-center\",\"vertical_align\":\"middle\",\"title_position\":\"top-left\",\"title_rotation\":\"left\",\"title_breakpoint\":\"xl\",\"image_width\":\"2560\",\"image_loading\":true,\"image_height\":\"600\"},\"children\":[{\"name\":\"\",\"type\":\"row\",\"props\":{\"layout\":\"1-2,1-2\",\"vertical_align\":true,\"column_gap\":\"large\",\"row_gap\":\"large\"},\"children\":[{\"name\":\"\",\"type\":\"column\",\"props\":{\"image_position\":\"center-center\",\"media_overlay_gradient\":\"\",\"width_medium\":\"1-2\",\"position_sticky_breakpoint\":\"m\"},\"children\":[{\"name\":\"\",\"type\":\"headline\",\"props\":{\"title_element\":\"div\",\"content\":\"<span style=\\\"font-size:14px; color:#ffffff\\\";>Investigaci\\u00f3n\\n    <\\\/span>\",\"text_align\":\"left\",\"text_align_breakpoint\":\"m\",\"text_align_fallback\":\"left\",\"margin_remove_top\":false,\"title_style\":\"h6\",\"title_color\":\"primary\",\"position_top\":\"-10\"}},{\"name\":\"\",\"type\":\"headline\",\"props\":{\"title_element\":\"h1\",\"content\":\"<span style=\\\"font-size:50px; color:#ffffff\\\";>Sobre el proyecto<\\\/span>\",\"text_align\":\"left\",\"text_align_breakpoint\":\"m\",\"text_align_fallback\":\"left\",\"maxwidth\":\"xlarge\",\"margin_remove_top\":true,\"position\":\"relative\",\"position_top\":\"-10\",\"margin\":\"small\"}},{\"type\":\"text\",\"props\":{\"margin\":\"default\",\"column_breakpoint\":\"m\",\"content\":\"<span style=\\\"font-size:21px; color:#ffffff\\\";>Una contribuci\\u00f3n a la mejora de la investigaci\\u00f3n realizada sobre la regeneraci\\u00f3n de los defectos \\u00f3seos.<\\\/span>\\n\\n\\n\"}}]},{\"name\":\"\",\"type\":\"column\",\"props\":{\"image_position\":\"center-center\",\"media_overlay_gradient\":\"\",\"width_medium\":\"1-2\",\"position_sticky_breakpoint\":\"m\"},\"children\":[]}]}]},{\"name\":\"Product description\",\"type\":\"section\",\"props\":{\"image_size\":\"cover\",\"width\":\"default\",\"padding\":\"large\",\"style\":\"default\",\"animation\":\"slide-bottom-small\",\"image_position\":\"center-center\",\"vertical_align\":\"middle\",\"title_position\":\"top-left\",\"title_rotation\":\"left\",\"title_breakpoint\":\"xl\"},\"children\":[{\"name\":\"\",\"type\":\"row\",\"props\":{\"layout\":\"2-5,3-5\",\"divider\":true,\"column_gap\":\"large\",\"row_gap\":\"large\"},\"children\":[{\"name\":\"\",\"type\":\"column\",\"props\":{\"image_position\":\"center-center\",\"media_overlay_gradient\":\"\",\"width_medium\":\"2-5\",\"position_sticky_breakpoint\":\"m\"},\"children\":[{\"name\":\"\",\"type\":\"headline\",\"props\":{\"title_element\":\"h2\",\"content\":\"<span>Sobre el proyecto<\\\/span>\",\"title_style\":\"h2\"}},{\"name\":\"\",\"type\":\"divider\",\"props\":{\"divider_element\":\"div\",\"divider_style\":\"small\",\"divider_align\":\"\"}},{\"name\":\"\",\"type\":\"text\",\"props\":{\"margin\":\"medium\",\"content\":\"\n\n<p><span>El manejo quir\\u00fargico de pacientes con defectos \\u00f3seos como consecuencia de tumores, quistes, malformaciones o lesiones traum\\u00e1ticas es un problema frecuente en traumatolog\\u00eda, cirug\\u00eda maxilofacial e implantolog\\u00eda debido a la complejidad de la intervenci\\u00f3n y tambi\\u00e9n a su recuperaci\\u00f3n.<\\\/span><\\\/p>\",\"column_breakpoint\":\"m\"}}]},{\"name\":\"\",\"type\":\"column\",\"props\":{\"image_position\":\"center-center\",\"media_overlay_gradient\":\"\",\"width_medium\":\"3-5\",\"position_sticky_breakpoint\":\"m\"},\"children\":[{\"type\":\"panel\",\"props\":{\"link_text\":\"Read more\",\"title_hover_style\":\"reset\",\"title_element\":\"h3\",\"title_align\":\"top\",\"title_grid_width\":\"1-2\",\"title_grid_breakpoint\":\"m\",\"meta_style\":\"text-meta\",\"meta_align\":\"below-content\",\"content_column_breakpoint\":\"m\",\"icon_width\":80,\"image_align\":\"top\",\"image_grid_width\":\"1-2\",\"image_grid_breakpoint\":\"m\",\"image_svg_color\":\"emphasis\",\"link_style\":\"default\",\"margin\":\"default\",\"content\":\"\n\n<div class=\\\"wpb_text_column wpb_content_element \\\">\\n\n\n<div class=\\\"wpb_wrapper\\\">\\n\n\n<p>Es un gran reto recuperar r\\u00e1pidamente la anatom\\u00eda y la funcionalidad de las estructuras \\u00f3seas da\\u00f1adas para mejorar la calidad de vida del paciente y devolverle cuanto antes una vida normal.<\\\/p>\\n\n\n<p><\\\/p>\\n\n\n<p>El \\u201cest\\u00e1ndar de oro\\u201d para un injerto \\u00f3seo es el propio hueso del paciente (autoinjerto), obtenido de otra regi\\u00f3n de su cuerpo. Este procedimiento tiene limitaciones, debido a la escasa disponibilidad de zonas donantes de hueso con grandes vol\\u00famenes y a la morbilidad a\\u00f1adida por el procedimiento quir\\u00fargico adicional, que suele ser m\\u00e1s agresivo que el de reparaci\\u00f3n.<\\\/p>\\n\n\n<p><\\\/p>\\n\n\n<p>Por ello, hist\\u00f3ricamente se han desarrollado m\\u00faltiples alternativas de injertos \\u00f3seos, como huesos humanos procedentes de bancos o cad\\u00e1veres, huesos de otras especies animales o materiales de aloinjerto naturales o sint\\u00e9ticos (alopl\\u00e1sticos). En este sentido, la hidroxiapatita, el fosfato tric\\u00e1lcico y sus combinaciones son una alternativa viable, pr\\u00e1ctica y de f\\u00e1cil acceso, m\\u00e1s a\\u00fan ahora que la tecnolog\\u00eda de fabricaci\\u00f3n permite generar material particulado con formas y tama\\u00f1os optimizados y precisos, lo que genera una ventaja competitiva fundamental. Investigaciones recientes sugieren que la porosidad y la geometr\\u00eda confieren al sustrato propiedades osteoinductoras, con un efecto positivo en la diferenciaci\\u00f3n de los osteoblastos de las c\\u00e9lulas mesenquimales adultas depositadas en el sustrato.<\\\/p>\\n<\\\/div>\\n<\\\/div>\",\"meta\":\"\",\"meta_element\":\"div\",\"title\":\"El problema\"}}]}]}]},{\"name\":\"Product description\",\"type\":\"section\",\"props\":{\"image_size\":\"cover\",\"width\":\"default\",\"padding\":\"large\",\"style\":\"default\",\"animation\":\"slide-bottom-small\",\"image_position\":\"center-center\",\"vertical_align\":\"middle\",\"title_position\":\"top-left\",\"title_rotation\":\"left\",\"title_breakpoint\":\"xl\",\"padding_remove_top\":true,\"padding_remove_bottom\":true},\"children\":[{\"name\":\"\",\"type\":\"row\",\"props\":{\"layout\":\"1-2,1-2\",\"divider\":false,\"column_gap\":\"large\",\"row_gap\":\"large\"},\"children\":[{\"name\":\"\",\"type\":\"column\",\"props\":{\"image_position\":\"center-center\",\"media_overlay_gradient\":\"\",\"width_medium\":\"1-2\",\"position_sticky_breakpoint\":\"m\"},\"children\":[{\"name\":\"\",\"type\":\"headline\",\"props\":{\"title_element\":\"h2\",\"content\":\"<span>CNN Prime<\\\/span>\",\"title_style\":\"h2\"}},{\"type\":\"video\",\"props\":{\"video_controls\":true,\"margin\":\"default\",\"video\":\"wp-content\\\/uploads\\\/2022\\\/11\\\/CNN-Prime.mov\",\"video_height\":\"240\",\"video_width\":\"350\"}},{\"type\":\"html\",\"props\":{\"content\":\"<span style=\\\"margin:10px;\\\"><\\\/span> <\\\/span>\"}}]},{\"name\":\"\",\"type\":\"column\",\"props\":{\"image_position\":\"center-center\",\"media_overlay_gradient\":\"\",\"width_medium\":\"1-2\",\"position_sticky_breakpoint\":\"m\"},\"children\":[{\"name\":\"\",\"type\":\"headline\",\"props\":{\"title_element\":\"h2\",\"content\":\"<span>Canal 13<\\\/span>\",\"title_style\":\"h2\"}},{\"type\":\"video\",\"props\":{\"video_controls\":true,\"margin\":\"default\",\"video\":\"wp-content\\\/uploads\\\/2022\\\/11\\\/canal13.mp4\",\"video_width\":\"500\",\"video_height\":\"300\"}},{\"type\":\"html\",\"props\":{\"content\":\"<span style=\\\"margin:10px;\\\"><\\\/span> <\\\/span>\"}}]}]}]},{\"name\":\"Tagline\",\"type\":\"section\",\"props\":{\"image_size\":\"cover\",\"width\":\"small\",\"padding\":\"large\",\"style\":\"muted\",\"animation\":\"fade\",\"image_position\":\"center-center\",\"vertical_align\":\"middle\",\"title_position\":\"top-left\",\"title_rotation\":\"left\",\"title_breakpoint\":\"xl\"},\"children\":[{\"name\":\"\",\"type\":\"row\",\"children\":[{\"name\":\"\",\"type\":\"column\",\"props\":{\"image_position\":\"center-center\",\"media_overlay_gradient\":\"\",\"width_medium\":\"1-1\",\"position_sticky_breakpoint\":\"m\"},\"children\":[{\"name\":\"\",\"type\":\"headline\",\"props\":{\"title_element\":\"h2\",\"content\":\"Nuestro trabajo\",\"text_align\":\"center\",\"title_style\":\"h1\"}},{\"name\":\"\",\"type\":\"text\",\"props\":{\"margin\":\"default\",\"text_align\":\"center\",\"column_breakpoint\":\"m\",\"content\":\"\n\n<p style=\\\"font-size: 22px;\\\">Nuestro trabajo pretende ser una importante contribuci\\u00f3n a los biomateriales que desempe\\u00f1an un papel fundamental en la regeneraci\\u00f3n \\u00f3sea.<\\\/p>\"}}]}]}]}],\"version\":\"3.0.6\"} --><\/p>\n","protected":false},"excerpt":{"rendered":"<p>Investigaci\u00f3n Sobre el proyecto Una contribuci\u00f3n a la mejora de la investigaci\u00f3n realizada sobre la regeneraci\u00f3n de los defectos \u00f3seos. Sobre el proyecto El manejo quir\u00fargico de pacientes con defectos \u00f3seos como consecuencia de tumores, quistes, malformaciones o lesiones traum\u00e1ticas es un problema frecuente en traumatolog\u00eda, cirug\u00eda maxilofacial e implantolog\u00eda debido a la complejidad de [&hellip;]<\/p>\n","protected":false},"author":1,"featured_media":0,"parent":0,"menu_order":2,"comment_status":"closed","ping_status":"closed","template":"","meta":{"inline_featured_image":false,"footnotes":""},"class_list":["post-1120","page","type-page","status-publish","hentry"],"acf":[],"_links":{"self":[{"href":"https:\/\/www.geodbone.com\/spa\/wp-json\/wp\/v2\/pages\/1120","targetHints":{"allow":["GET"]}}],"collection":[{"href":"https:\/\/www.geodbone.com\/spa\/wp-json\/wp\/v2\/pages"}],"about":[{"href":"https:\/\/www.geodbone.com\/spa\/wp-json\/wp\/v2\/types\/page"}],"author":[{"embeddable":true,"href":"https:\/\/www.geodbone.com\/spa\/wp-json\/wp\/v2\/users\/1"}],"replies":[{"embeddable":true,"href":"https:\/\/www.geodbone.com\/spa\/wp-json\/wp\/v2\/comments?post=1120"}],"version-history":[{"count":45,"href":"https:\/\/www.geodbone.com\/spa\/wp-json\/wp\/v2\/pages\/1120\/revisions"}],"predecessor-version":[{"id":1651,"href":"https:\/\/www.geodbone.com\/spa\/wp-json\/wp\/v2\/pages\/1120\/revisions\/1651"}],"wp:attachment":[{"href":"https:\/\/www.geodbone.com\/spa\/wp-json\/wp\/v2\/media?parent=1120"}],"curies":[{"name":"wp","href":"https:\/\/api.w.org\/{rel}","templated":true}]}}