{"id":12,"date":"2019-06-20T16:29:20","date_gmt":"2019-06-20T20:29:20","guid":{"rendered":"http:\/\/geodbone.com\/contenido\/?p=12"},"modified":"2022-11-14T17:54:23","modified_gmt":"2022-11-14T20:54:23","slug":"contactenos","status":"publish","type":"page","link":"https:\/\/www.geodbone.com\/spa\/contactenos\/","title":{"rendered":"Cont\u00e1ctenos"},"content":{"rendered":"<h1><span style=\"font-size:50px; color:#ffffff\";>Cont\u00e1ctenos<\/span><\/h1>\n<div><span style=\"font-size:21px; color:#ffffff\";>Si tiene alguna pregunta o solicitud, que no fue resuelta en nuestro sitio web, sobre nuestra investigaci\u00f3n, escr\u00edbanos y nos pondremos en contacto con usted.\u00a0<\/span><\/div>\n<h2>Si desea obtener m\u00e1s informaci\u00f3n, p\u00f3ngase en contacto con nosotros a trav\u00e9s de nuestro formulario.<\/h2>\n<p><img decoding=\"async\" src=\"\/spa\/wp-content\/uploads\/yootheme\/services_map.png\" alt=\"\"><\/p>\n<div>\n<div role=\"form\" class=\"wpcf7\" id=\"wpcf7-f1564-o1\" lang=\"es-CL\" dir=\"ltr\">\n<div class=\"screen-reader-response\"><p role=\"status\" aria-live=\"polite\" aria-atomic=\"true\"><\/p> <ul><\/ul><\/div>\n<form action=\"\/spa\/wp-json\/wp\/v2\/pages\/12#wpcf7-f1564-o1\" method=\"post\" class=\"wpcf7-form init\" novalidate=\"novalidate\" data-status=\"init\">\n<div style=\"display: none;\">\n<input type=\"hidden\" name=\"_wpcf7\" value=\"1564\" \/>\n<input type=\"hidden\" name=\"_wpcf7_version\" value=\"5.6.4\" \/>\n<input type=\"hidden\" name=\"_wpcf7_locale\" value=\"es_CL\" \/>\n<input type=\"hidden\" name=\"_wpcf7_unit_tag\" value=\"wpcf7-f1564-o1\" \/>\n<input type=\"hidden\" name=\"_wpcf7_container_post\" value=\"0\" \/>\n<input type=\"hidden\" name=\"_wpcf7_posted_data_hash\" value=\"\" \/>\n<input type=\"hidden\" name=\"_wpcf7_recaptcha_response\" value=\"\" \/>\n<\/div>\n<p><label>Nombre Apellido (*)<br \/>\n<span class=\"wpcf7-form-control-wrap\" data-name=\"FirtName\"><input type=\"text\" name=\"FirtName\" value=\"\" size=\"40\" class=\"wpcf7-form-control wpcf7-text wpcf7-validates-as-required\" aria-required=\"true\" aria-invalid=\"false\" \/><\/span><\/label><\/p>\n<p><label>Apellidos (*)<br \/>\n<span class=\"wpcf7-form-control-wrap\" data-name=\"LastName\"><input type=\"text\" name=\"LastName\" value=\"\" size=\"40\" class=\"wpcf7-form-control wpcf7-text wpcf7-validates-as-required\" aria-required=\"true\" aria-invalid=\"false\" \/><\/span><\/label><\/p>\n<p><label>Correo electr\u00f3nico (*)<br \/>\n<span class=\"wpcf7-form-control-wrap\" data-name=\"Email\"><input type=\"text\" name=\"Email\" value=\"\" size=\"40\" class=\"wpcf7-form-control wpcf7-text wpcf7-validates-as-required\" aria-required=\"true\" aria-invalid=\"false\" \/><\/span><\/label><\/p>\n<p><label>Asunto (*)<br \/>\n<span class=\"wpcf7-form-control-wrap\" data-name=\"Subject\"><input type=\"text\" name=\"Subject\" value=\"\" size=\"40\" class=\"wpcf7-form-control wpcf7-text wpcf7-validates-as-required\" aria-required=\"true\" aria-invalid=\"false\" \/><\/span><\/label><\/p>\n<p><label>Mensaje (*)<br \/>\n<span class=\"wpcf7-form-control-wrap\" data-name=\"Message\"><textarea name=\"Message\" cols=\"40\" rows=\"10\" class=\"wpcf7-form-control wpcf7-textarea wpcf7-validates-as-required\" aria-required=\"true\" aria-invalid=\"false\"><\/textarea><\/span> <\/label><\/p>\n<p><input type=\"submit\" value=\"Enviar\" class=\"wpcf7-form-control has-spinner wpcf7-submit\" \/><\/p>\n<div class=\"wpcf7-response-output\" aria-hidden=\"true\"><\/div><\/form><\/div><\/div>\n<div>\n<div>\n<p><svg width=\"25\" height=\"25\" viewbox=\"0 0 20 20\" xmlns=\"http:\/\/www.w3.org\/2000\/svg\"><path fill=\"none\" stroke=\"#000\" stroke-width=\"1.01\" d=\"M10,0.5 C6.41,0.5 3.5,3.39 3.5,6.98 C3.5,11.83 10,19 10,19 C10,19 16.5,11.83 16.5,6.98 C16.5,3.39 13.59,0.5 10,0.5 L10,0.5 Z\"><\/path><circle fill=\"none\" stroke=\"#000\" cx=\"10\" cy=\"6.8\" r=\"2.3\"><\/circle><\/svg> 3990 Apoquindo Av. \u2013 Piso 11<br \/>ZIP 7550000 \u2013 Santiago \u2013 Chile<\/p>\n<\/div>\n<\/div>\n<div>\n<div><span class=\"el-image uk-icon\" uk-icon=\"icon: receiver; width: 25; height: 25;\"><svg width=\"25\" height=\"25\" viewbox=\"0 0 20 20\" xmlns=\"http:\/\/www.w3.org\/2000\/svg\"><path fill=\"none\" stroke=\"#000\" stroke-width=\"1.01\" d=\"M6.189,13.611C8.134,15.525 11.097,18.239 13.867,18.257C16.47,18.275 18.2,16.241 18.2,16.241L14.509,12.551L11.539,13.639L6.189,8.29L7.313,5.355L3.76,1.8C3.76,1.8 1.732,3.537 1.7,6.092C1.667,8.809 4.347,11.738 6.189,13.611\"><\/path><\/svg><\/span> Tel\u00e9fono: <a href=\"tel:+56222069512\"> +56 2 2206 9512<\/a><\/p>\n<\/div>\n<\/div>\n<div>\n<div><span class=\"el-image uk-icon\" uk-icon=\"icon: whatsapp; width: 25; height: 25;\"><svg width=\"25\" height=\"25\" viewbox=\"0 0 20 20\" xmlns=\"http:\/\/www.w3.org\/2000\/svg\"><path d=\"M16.7,3.3c-1.8-1.8-4.1-2.8-6.7-2.8c-5.2,0-9.4,4.2-9.4,9.4c0,1.7,0.4,3.3,1.3,4.7l-1.3,4.9l5-1.3c1.4,0.8,2.9,1.2,4.5,1.2 l0,0l0,0c5.2,0,9.4-4.2,9.4-9.4C19.5,7.4,18.5,5,16.7,3.3 M10.1,17.7L10.1,17.7c-1.4,0-2.8-0.4-4-1.1l-0.3-0.2l-3,0.8l0.8-2.9 l-0.2-0.3c-0.8-1.2-1.2-2.7-1.2-4.2c0-4.3,3.5-7.8,7.8-7.8c2.1,0,4.1,0.8,5.5,2.3c1.5,1.5,2.3,3.4,2.3,5.5 C17.9,14.2,14.4,17.7,10.1,17.7 M14.4,11.9c-0.2-0.1-1.4-0.7-1.6-0.8c-0.2-0.1-0.4-0.1-0.5,0.1c-0.2,0.2-0.6,0.8-0.8,0.9 c-0.1,0.2-0.3,0.2-0.5,0.1c-0.2-0.1-1-0.4-1.9-1.2c-0.7-0.6-1.2-1.4-1.3-1.6c-0.1-0.2,0-0.4,0.1-0.5C8,8.8,8.1,8.7,8.2,8.5 c0.1-0.1,0.2-0.2,0.2-0.4c0.1-0.2,0-0.3,0-0.4C8.4,7.6,7.9,6.5,7.7,6C7.5,5.5,7.3,5.6,7.2,5.6c-0.1,0-0.3,0-0.4,0 c-0.2,0-0.4,0.1-0.6,0.3c-0.2,0.2-0.8,0.8-0.8,2c0,1.2,0.8,2.3,1,2.4c0.1,0.2,1.7,2.5,4,3.5c0.6,0.2,1,0.4,1.3,0.5 c0.6,0.2,1.1,0.2,1.5,0.1c0.5-0.1,1.4-0.6,1.6-1.1c0.2-0.5,0.2-1,0.1-1.1C14.8,12.1,14.6,12,14.4,11.9\"><\/path><\/svg><\/span> Env\u00edanos un mensaje de WhatsApp<br \/><a href=\"https:\/\/api.whatsapp.com\/send?phone=+&amp;text=Hola,%20Nececito%20m%C3%A1s%20informaci\u00f3n!\">+56 9 9829 8070<\/a> <br \/><a href=\"https:\/\/api.whatsapp.com\/send?phone=+56 992319960&amp;text=Hola, Nececito m\u00e1s informaci\u00f3n!\">+56 9 9231 9960<\/a><\/p>\n<\/div>\n<\/div>\n<p><!--more--><br \/>\n<!-- {\"name\":\"Services\",\"type\":\"layout\",\"children\":[{\"name\":\"Get started\",\"type\":\"section\",\"props\":{\"width\":\"default\",\"style\":\"default\",\"image\":\"wp-content\\\/uploads\\\/2022\\\/11\\\/geodbone-contact.jpg\",\"animation\":\"slide-top\",\"image_position\":\"center-center\",\"vertical_align\":\"middle\",\"title_position\":\"top-left\",\"title_rotation\":\"left\",\"title_breakpoint\":\"xl\",\"image_width\":\"2560\",\"image_height\":\"600\",\"image_loading\":true,\"height\":\"percent\"},\"children\":[{\"name\":\"\",\"type\":\"row\",\"props\":{\"layout\":\"1-2,1-2\",\"width\":\"default\",\"column_gap\":\"collapse\",\"row_gap\":\"collapse\"},\"children\":[{\"name\":\"\",\"type\":\"column\",\"props\":{\"image_position\":\"center-center\",\"media_overlay_gradient\":\"\",\"width_medium\":\"1-2\",\"position_sticky_breakpoint\":\"m\"},\"children\":[{\"name\":\"\",\"type\":\"headline\",\"props\":{\"title_element\":\"h1\",\"text_align\":\"left\",\"content\":\"<span style=\\\"font-size:50px; color:#ffffff\\\";>Cont\\u00e1ctenos<\\\/span>\"}},{\"name\":\"\",\"type\":\"text\",\"props\":{\"margin\":\"medium\",\"text_align\":\"left\",\"maxwidth\":\"large\",\"column_breakpoint\":\"m\",\"content\":\"<span style=\\\"font-size:21px; color:#ffffff\\\";>Si tiene alguna pregunta o solicitud, que no fue resuelta en nuestro sitio web, sobre nuestra investigaci\\u00f3n, escr\\u00edbanos y nos pondremos en contacto con usted.\\u00a0<\\\/span>\"}}]},{\"name\":\"\",\"type\":\"column\",\"props\":{\"image_position\":\"center-center\",\"media_overlay_gradient\":\"\",\"width_medium\":\"1-2\",\"position_sticky_breakpoint\":\"m\"},\"children\":[]}]}]},{\"name\":\"Contact\",\"type\":\"section\",\"props\":{\"image_size\":\"cover\",\"width\":\"default\",\"padding\":\"large\",\"style\":\"muted\",\"animation\":\"fade\",\"image_position\":\"center-center\",\"vertical_align\":\"middle\",\"title_position\":\"top-left\",\"title_rotation\":\"left\",\"title_breakpoint\":\"xl\"},\"children\":[{\"name\":\"\",\"type\":\"row\",\"children\":[{\"name\":\"\",\"type\":\"column\",\"props\":{\"image_position\":\"center-center\",\"media_overlay_gradient\":\"\",\"width_medium\":\"1-2\",\"position_sticky_breakpoint\":\"m\"},\"children\":[{\"name\":\"\",\"type\":\"divider\",\"props\":{\"divider_element\":\"div\",\"divider_style\":\"small\",\"divider_align\":\"center\",\"block_align\":\"center\"}},{\"name\":\"\",\"type\":\"headline\",\"props\":{\"title_element\":\"h2\",\"text_align\":\"center\",\"content\":\"Si desea obtener m\\u00e1s informaci\\u00f3n, p\\u00f3ngase en contacto con nosotros a trav\\u00e9s de nuestro formulario.\"}},{\"name\":\"\",\"type\":\"image\",\"props\":{\"margin\":\"large\",\"image\":\"wp-content\\\/uploads\\\/yootheme\\\/services_map.png\",\"text_align\":\"center\",\"margin_remove_bottom\":false,\"image_width\":\"1080\",\"image_svg_color\":\"emphasis\"}}]},{\"type\":\"column\",\"props\":{\"position_sticky_breakpoint\":\"m\",\"image_position\":\"center-center\",\"media_overlay_gradient\":\"\",\"width_medium\":\"1-2\"},\"children\":[{\"type\":\"html\",\"props\":{\"content\":\"[contact-form-7 id=\\\"1564\\\" title=\\\"Formulario de contacto 1\\\"]\"}}]}],\"props\":{\"layout\":\"1-2,1-2\"}}]},{\"type\":\"section\",\"props\":{\"style\":\"default\",\"width\":\"default\",\"vertical_align\":\"middle\",\"title_position\":\"top-left\",\"title_rotation\":\"left\",\"title_breakpoint\":\"xl\",\"image_position\":\"center-center\"},\"children\":[{\"type\":\"row\",\"props\":{\"layout\":\"1-3,1-3,1-3\"},\"children\":[{\"type\":\"column\",\"props\":{\"position_sticky_breakpoint\":\"m\",\"image_position\":\"center-center\",\"media_overlay_gradient\":\"\",\"width_medium\":\"1-3\"},\"children\":[{\"name\":\"\",\"type\":\"grid\",\"props\":{\"show_title\":true,\"show_meta\":true,\"show_content\":true,\"show_image\":true,\"show_link\":true,\"grid_default\":\"1\",\"grid_medium\":\"\",\"title_element\":\"h3\",\"meta_style\":\"text-meta\",\"meta_align\":\"below-title\",\"icon_ratio\":4,\"image_align\":\"top\",\"image_grid_width\":\"1-2\",\"link_text\":\"Read more\",\"link_style\":\"default\",\"margin\":\"default\",\"text_align\":\"center\",\"title_style\":\"h5\",\"grid_small\":\"1\",\"filter_style\":\"tab\",\"filter_all\":true,\"filter_position\":\"top\",\"filter_align\":\"left\",\"filter_grid_width\":\"auto\",\"image_svg_color\":\"emphasis\",\"item_animation\":true,\"filter_grid_breakpoint\":\"m\",\"image_grid_breakpoint\":\"m\",\"title_hover_style\":\"reset\",\"title_align\":\"top\",\"title_grid_width\":\"1-2\",\"title_grid_breakpoint\":\"m\",\"content_column_breakpoint\":\"m\",\"icon_width\":80,\"meta_element\":\"div\",\"parallax_easing\":\"1\"},\"children\":[{\"name\":\"\",\"type\":\"grid_item\",\"props\":{\"title\":\"\",\"content\":\"\n\n<p><svg width=\\\"25\\\" height=\\\"25\\\" viewbox=\\\"0 0 20 20\\\" xmlns=\\\"http:\\\/\\\/www.w3.org\\\/2000\\\/svg\\\"><path fill=\\\"none\\\" stroke=\\\"#000\\\" stroke-width=\\\"1.01\\\" d=\\\"M10,0.5 C6.41,0.5 3.5,3.39 3.5,6.98 C3.5,11.83 10,19 10,19 C10,19 16.5,11.83 16.5,6.98 C16.5,3.39 13.59,0.5 10,0.5 L10,0.5 Z\\\"><\\\/path><circle fill=\\\"none\\\" stroke=\\\"#000\\\" cx=\\\"10\\\" cy=\\\"6.8\\\" r=\\\"2.3\\\"><\\\/circle><\\\/svg> 3990 Apoquindo Av. \\u2013 Piso 11<br \\\/>ZIP 7550000 \\u2013 Santiago \\u2013 Chile<br \\\/><br \\\/>\",\"icon\":\"\"}}]}]},{\"type\":\"column\",\"props\":{\"position_sticky_breakpoint\":\"m\",\"image_position\":\"center-center\",\"media_overlay_gradient\":\"\",\"width_medium\":\"1-3\"},\"children\":[{\"name\":\"\",\"type\":\"grid\",\"props\":{\"show_title\":true,\"show_meta\":true,\"show_content\":true,\"show_image\":true,\"show_link\":true,\"grid_default\":\"1\",\"grid_medium\":\"\",\"title_element\":\"h3\",\"meta_style\":\"text-meta\",\"meta_align\":\"below-title\",\"icon_ratio\":4,\"image_align\":\"top\",\"image_grid_width\":\"1-2\",\"link_text\":\"Read more\",\"link_style\":\"default\",\"margin\":\"default\",\"text_align\":\"center\",\"title_style\":\"h5\",\"grid_small\":\"1\",\"filter_style\":\"tab\",\"filter_all\":true,\"filter_position\":\"top\",\"filter_align\":\"left\",\"filter_grid_width\":\"auto\",\"image_svg_color\":\"emphasis\",\"item_animation\":true,\"filter_grid_breakpoint\":\"m\",\"image_grid_breakpoint\":\"m\",\"title_hover_style\":\"reset\",\"title_align\":\"top\",\"title_grid_width\":\"1-2\",\"title_grid_breakpoint\":\"m\",\"content_column_breakpoint\":\"m\",\"icon_width\":80,\"meta_element\":\"div\",\"parallax_easing\":\"1\"},\"children\":[{\"name\":\"\",\"type\":\"grid_item\",\"props\":{\"title\":\"\",\"content\":\"<span class=\\\"el-image uk-icon\\\" uk-icon=\\\"icon: receiver; width: 25; height: 25;\\\"><svg width=\\\"25\\\" height=\\\"25\\\" viewbox=\\\"0 0 20 20\\\" xmlns=\\\"http:\\\/\\\/www.w3.org\\\/2000\\\/svg\\\"><path fill=\\\"none\\\" stroke=\\\"#000\\\" stroke-width=\\\"1.01\\\" d=\\\"M6.189,13.611C8.134,15.525 11.097,18.239 13.867,18.257C16.47,18.275 18.2,16.241 18.2,16.241L14.509,12.551L11.539,13.639L6.189,8.29L7.313,5.355L3.76,1.8C3.76,1.8 1.732,3.537 1.7,6.092C1.667,8.809 4.347,11.738 6.189,13.611\\\"><\\\/path><\\\/svg><\\\/span> Tel\\u00e9fono: <a href=\\\"tel:+56222069512\\\"> +56 2 2206 9512<\\\/a><br \\\/><br \\\/>\",\"icon\":\"\"}}]}]},{\"type\":\"column\",\"props\":{\"position_sticky_breakpoint\":\"m\",\"image_position\":\"center-center\",\"media_overlay_gradient\":\"\",\"width_medium\":\"1-3\"},\"children\":[{\"name\":\"\",\"type\":\"grid\",\"props\":{\"show_title\":true,\"show_meta\":true,\"show_content\":true,\"show_image\":true,\"show_link\":true,\"grid_default\":\"1\",\"grid_medium\":\"\",\"title_element\":\"h3\",\"meta_style\":\"text-meta\",\"meta_align\":\"below-title\",\"icon_ratio\":4,\"image_align\":\"top\",\"image_grid_width\":\"1-2\",\"link_text\":\"Read more\",\"link_style\":\"default\",\"margin\":\"default\",\"text_align\":\"center\",\"title_style\":\"h5\",\"grid_small\":\"1\",\"filter_style\":\"tab\",\"filter_all\":true,\"filter_position\":\"top\",\"filter_align\":\"left\",\"filter_grid_width\":\"auto\",\"image_svg_color\":\"emphasis\",\"item_animation\":true,\"filter_grid_breakpoint\":\"m\",\"image_grid_breakpoint\":\"m\",\"title_hover_style\":\"reset\",\"title_align\":\"top\",\"title_grid_width\":\"1-2\",\"title_grid_breakpoint\":\"m\",\"content_column_breakpoint\":\"m\",\"icon_width\":80,\"meta_element\":\"div\",\"parallax_easing\":\"1\"},\"children\":[{\"name\":\"\",\"type\":\"grid_item\",\"props\":{\"title\":\"\",\"content\":\"<span class=\\\"el-image uk-icon\\\" uk-icon=\\\"icon: whatsapp; width: 25; height: 25;\\\"><svg width=\\\"25\\\" height=\\\"25\\\" viewbox=\\\"0 0 20 20\\\" xmlns=\\\"http:\\\/\\\/www.w3.org\\\/2000\\\/svg\\\"><path d=\\\"M16.7,3.3c-1.8-1.8-4.1-2.8-6.7-2.8c-5.2,0-9.4,4.2-9.4,9.4c0,1.7,0.4,3.3,1.3,4.7l-1.3,4.9l5-1.3c1.4,0.8,2.9,1.2,4.5,1.2 l0,0l0,0c5.2,0,9.4-4.2,9.4-9.4C19.5,7.4,18.5,5,16.7,3.3 M10.1,17.7L10.1,17.7c-1.4,0-2.8-0.4-4-1.1l-0.3-0.2l-3,0.8l0.8-2.9 l-0.2-0.3c-0.8-1.2-1.2-2.7-1.2-4.2c0-4.3,3.5-7.8,7.8-7.8c2.1,0,4.1,0.8,5.5,2.3c1.5,1.5,2.3,3.4,2.3,5.5 C17.9,14.2,14.4,17.7,10.1,17.7 M14.4,11.9c-0.2-0.1-1.4-0.7-1.6-0.8c-0.2-0.1-0.4-0.1-0.5,0.1c-0.2,0.2-0.6,0.8-0.8,0.9 c-0.1,0.2-0.3,0.2-0.5,0.1c-0.2-0.1-1-0.4-1.9-1.2c-0.7-0.6-1.2-1.4-1.3-1.6c-0.1-0.2,0-0.4,0.1-0.5C8,8.8,8.1,8.7,8.2,8.5 c0.1-0.1,0.2-0.2,0.2-0.4c0.1-0.2,0-0.3,0-0.4C8.4,7.6,7.9,6.5,7.7,6C7.5,5.5,7.3,5.6,7.2,5.6c-0.1,0-0.3,0-0.4,0 c-0.2,0-0.4,0.1-0.6,0.3c-0.2,0.2-0.8,0.8-0.8,2c0,1.2,0.8,2.3,1,2.4c0.1,0.2,1.7,2.5,4,3.5c0.6,0.2,1,0.4,1.3,0.5 c0.6,0.2,1.1,0.2,1.5,0.1c0.5-0.1,1.4-0.6,1.6-1.1c0.2-0.5,0.2-1,0.1-1.1C14.8,12.1,14.6,12,14.4,11.9\\\"><\\\/path><\\\/svg><\\\/span> Env\\u00edanos un mensaje de WhatsApp<br \\\/><a href=\\\"https:\\\/\\\/api.whatsapp.com\\\/send?phone=+&amp;text=Hola,%20Nececito%20m%C3%A1s%20informaci\\u00f3n!\\\">+56 9 9829 8070<\\\/a> <br \\\/><a href=\\\"https:\\\/\\\/api.whatsapp.com\\\/send?phone=+56 992319960&amp;text=Hola, Nececito m\\u00e1s informaci\\u00f3n!\\\">+56 9 9231 9960<\\\/a><\\\/p>\",\"icon\":\"\"}}]}]}]}]}],\"version\":\"3.0.6\"} --><\/p>\n","protected":false},"excerpt":{"rendered":"<p>Cont\u00e1ctenos Si tiene alguna pregunta o solicitud, que no fue resuelta en nuestro sitio web, sobre nuestra investigaci\u00f3n, escr\u00edbanos y nos pondremos en contacto con usted.\u00a0 Si desea obtener m\u00e1s informaci\u00f3n, p\u00f3ngase en contacto con nosotros a trav\u00e9s de nuestro formulario. 3990 Apoquindo Av. \u2013 Piso 11ZIP 7550000 \u2013 Santiago \u2013 Chile Tel\u00e9fono: +56 2 [&hellip;]<\/p>\n","protected":false},"author":1,"featured_media":0,"parent":0,"menu_order":1,"comment_status":"closed","ping_status":"closed","template":"","meta":{"inline_featured_image":false,"footnotes":""},"class_list":["post-12","page","type-page","status-publish","hentry"],"acf":[],"_links":{"self":[{"href":"https:\/\/www.geodbone.com\/spa\/wp-json\/wp\/v2\/pages\/12","targetHints":{"allow":["GET"]}}],"collection":[{"href":"https:\/\/www.geodbone.com\/spa\/wp-json\/wp\/v2\/pages"}],"about":[{"href":"https:\/\/www.geodbone.com\/spa\/wp-json\/wp\/v2\/types\/page"}],"author":[{"embeddable":true,"href":"https:\/\/www.geodbone.com\/spa\/wp-json\/wp\/v2\/users\/1"}],"replies":[{"embeddable":true,"href":"https:\/\/www.geodbone.com\/spa\/wp-json\/wp\/v2\/comments?post=12"}],"version-history":[{"count":27,"href":"https:\/\/www.geodbone.com\/spa\/wp-json\/wp\/v2\/pages\/12\/revisions"}],"predecessor-version":[{"id":1647,"href":"https:\/\/www.geodbone.com\/spa\/wp-json\/wp\/v2\/pages\/12\/revisions\/1647"}],"wp:attachment":[{"href":"https:\/\/www.geodbone.com\/spa\/wp-json\/wp\/v2\/media?parent=12"}],"curies":[{"name":"wp","href":"https:\/\/api.w.org\/{rel}","templated":true}]}}