{"id":2,"date":"2019-06-20T16:29:20","date_gmt":"2019-06-20T20:29:20","guid":{"rendered":"http:\/\/geodbone.com\/contenido\/?p=2"},"modified":"2023-04-28T07:41:16","modified_gmt":"2023-04-28T11:41:16","slug":"equipo","status":"publish","type":"page","link":"https:\/\/www.geodbone.com\/spa\/equipo\/","title":{"rendered":"Equipo"},"content":{"rendered":"<h1><span style=\"font-size:50px; color:#ffffff\";><br \/>\nEquipo<\/span><\/h1>\n<div><span style=\"font-size:21px; color:#ffffff\";>Multidisciplinario, coordinado y centrado en un objetivo com\u00fan; innovar y mejorar la salud de nuestros pacientes.<\/span><\/div>\n<ul>\n<li>\n<p>        <img decoding=\"async\" src=\"\/spa\/wp-content\/uploads\/2022\/10\/nicole-gonzalez.jpg\" alt=\"\"><\/p>\n<h2>Nicole Gonz\u00e1lez Vargas<\/h2>\n<p>CEO<\/p>\n<div>\n<p>MBA PUC<br \/>Ingeniera Comercial <br \/>Administradora P\u00fablica <br \/>Consultora LifeGreen SpA<\/p>\n<p><strong>Expertiz: <\/strong>Liderazgo en proyectos con impacto social Planificaci\u00f3n y Administraci\u00f3n<\/p>\n<\/div>\n<\/li>\n<li>\n<p>        <img decoding=\"async\" src=\"\/spa\/wp-content\/uploads\/2022\/10\/alex-vargas.jpg\" alt=\"\"><\/p>\n<h2>Alex Vargas D\u00edaz<\/h2>\n<p>CTO<\/p>\n<div>\n<div class=\"wpb_text_column wpb_content_element \">\n<div class=\"wpb_wrapper\">\n<p><span>DDS \u2013 Universidad de Chile<\/span><br \/><span>Maxillofacial Surgeon \u2013 PUC<\/span><br \/><span>Dipl. in Business Administration \u2013 PUC<\/span><br \/><span>IOSM Ltda. Medical Director<\/span><\/p>\n<\/div>\n<\/div>\n<div class=\"wpb_text_column wpb_content_element \">\n<div class=\"wpb_wrapper\">\n<p><span class=\"text-2\"><strong>Expertiz:<\/strong><\/span><\/p>\n<p><span class=\"text-2\">Maxillofacial Surgery in Oral Cancer, Traumatology, and Maxillofacial Implant.<\/span><\/p>\n<p><span class=\"text-2\">Biomodels by 3D Printing &amp; Rapid Prototyping in Maxillofacial Surgery.<\/span><\/p>\n<\/div>\n<\/div>\n<\/div>\n<\/li>\n<\/ul>\n<div>\n<p>    <span style=\"margin:10px;\"><\/span>\n<\/div>\n<h2><span>EQUIPO Colaborador \/ CIENT\u00cdFICOS UC<\/span><\/h2>\n<div>\n<p>    <span style=\"margin:10px;\"><\/span>\n<\/div>\n<ul>\n<li>\n<p>        <img decoding=\"async\" src=\"\/spa\/wp-content\/uploads\/2023\/04\/Juan-Franciso-Vivanco.jpg\" alt=\"\"><\/p>\n<h2>Juan Francisco Vivanco<\/h2>\n<p>ASESOR<\/p>\n<div>Ingeniero Civil estructural<\/br><br \/>\nMag\u00edsteres en Ingenier\u00eda de Materiales, Ingenier\u00eda Mec\u00e1nica y en Ingenier\u00eda Civil<\/br><br \/>\nPhd en Biomateriales y Biomec\u00e1nica<\/div>\n<\/li>\n<li>\n<p>        <img decoding=\"async\" src=\"\/spa\/wp-content\/uploads\/2023\/04\/Kristine-von-Bischhoffshausen.png\" alt=\"\"><\/p>\n<h2>Kristine von Bischhoffshausen<\/h2>\n<div>Cirujano Dentistaz<br \/>\nMag\u00edster en Ingenier\u00eda Biol\u00f3gica y M\u00e9dica<br \/>\nResidente Cirug\u00eda Maxilofacial\n<\/div>\n<\/li>\n<li>\n<p>        <img decoding=\"async\" src=\"\/spa\/wp-content\/uploads\/2023\/04\/Catalina-Celis.png\" alt=\"\"><\/p>\n<h2>Catalina Celis<\/h2>\n<div>Licenciada en Ciencias de la Ingenier\u00eda<\/div>\n<\/li>\n<\/ul>\n<p><!--more--><br \/>\n<!-- {\"name\":\"Company\",\"type\":\"layout\",\"children\":[{\"name\":\"Hero\",\"type\":\"section\",\"props\":{\"style\":\"default\",\"width\":\"default\",\"image\":\"wp-content\\\/uploads\\\/2022\\\/11\\\/geodbone-team.jpg\",\"height\":\"percent\",\"animation\":\"fade\",\"image_position\":\"top-center\",\"vertical_align\":\"middle\",\"title_position\":\"top-left\",\"title_rotation\":\"left\",\"title_breakpoint\":\"xl\",\"image_width\":\"2560\",\"image_loading\":true,\"image_height\":\"600\"},\"children\":[{\"name\":\"\",\"type\":\"row\",\"children\":[{\"name\":\"\",\"type\":\"column\",\"props\":{\"image_position\":\"center-center\",\"media_overlay_gradient\":\"\",\"text_color\":\"dark\",\"width_medium\":\"1-2\",\"position_sticky_breakpoint\":\"m\"},\"children\":[{\"name\":\"\",\"type\":\"headline\",\"props\":{\"title_element\":\"h1\",\"content\":\"<span style=\\\"font-size:50px; color:#ffffff\\\";>\\nEquipo<\\\/span>\",\"text_align\":\"left\",\"margin_remove_top\":true}},{\"type\":\"text\",\"props\":{\"margin\":\"default\",\"column_breakpoint\":\"m\",\"content\":\"<span style=\\\"font-size:21px; color:#ffffff\\\";>Multidisciplinario, coordinado y centrado en un objetivo com\\u00fan; innovar y mejorar la salud de nuestros pacientes.<\\\/span>\"}}]},{\"type\":\"column\",\"props\":{\"position_sticky_breakpoint\":\"m\",\"image_position\":\"center-center\",\"media_overlay_gradient\":\"\",\"width_medium\":\"1-2\"},\"children\":[]}],\"props\":{\"layout\":\"1-2,1-2\",\"column_gap\":\"large\",\"row_gap\":\"large\"}}]},{\"name\":\"About us\",\"type\":\"section\",\"props\":{\"image_size\":\"cover\",\"width\":\"xsmall\",\"padding\":\"large\",\"style\":\"muted\",\"animation\":\"slide-top-small\",\"image_position\":\"center-center\",\"vertical_align\":\"middle\",\"title_position\":\"top-left\",\"title_rotation\":\"left\",\"title_breakpoint\":\"xl\"},\"children\":[{\"type\":\"row\",\"children\":[{\"type\":\"column\",\"props\":{\"image_position\":\"center-center\",\"media_overlay_gradient\":\"\",\"position_sticky_breakpoint\":\"m\"},\"children\":[{\"type\":\"grid\",\"props\":{\"show_title\":true,\"show_meta\":true,\"show_content\":true,\"show_image\":true,\"show_link\":true,\"grid_default\":\"1\",\"grid_medium\":\"2\",\"filter_style\":\"tab\",\"filter_all\":true,\"filter_position\":\"top\",\"filter_align\":\"left\",\"filter_grid_width\":\"auto\",\"filter_grid_breakpoint\":\"m\",\"title_hover_style\":\"reset\",\"title_element\":\"h2\",\"title_align\":\"top\",\"title_grid_width\":\"1-2\",\"title_grid_breakpoint\":\"m\",\"meta_style\":\"h4\",\"meta_align\":\"below-title\",\"content_column_breakpoint\":\"m\",\"icon_width\":80,\"image_align\":\"top\",\"image_grid_width\":\"1-2\",\"image_grid_breakpoint\":\"m\",\"image_svg_color\":\"emphasis\",\"link_text\":\"Read more\",\"link_style\":\"default\",\"margin\":\"default\",\"item_animation\":true,\"grid_column_gap\":\"large\",\"title_style\":\"h3\",\"title_margin\":\"medium\",\"image_width\":\"920\",\"grid_row_gap\":\"large\",\"meta_element\":\"div\",\"parallax_easing\":\"1\"},\"children\":[{\"type\":\"grid_item\",\"props\":{\"title\":\"Nicole Gonz\\u00e1lez Vargas\",\"image\":\"wp-content\\\/uploads\\\/2022\\\/10\\\/nicole-gonzalez.jpg\",\"content\":\"\n\n<p>MBA PUC<br \\\/>Ingeniera Comercial <br \\\/>Administradora P\\u00fablica <br \\\/>Consultora LifeGreen SpA<\\\/p>\\n\n\n<p><strong>Expertiz: <\\\/strong>Liderazgo en proyectos con impacto social Planificaci\\u00f3n y Administraci\\u00f3n<\\\/p>\",\"meta\":\"CEO\"}},{\"type\":\"grid_item\",\"props\":{\"title\":\"Alex Vargas D\\u00edaz\",\"image\":\"wp-content\\\/uploads\\\/2022\\\/10\\\/alex-vargas.jpg\",\"content\":\"\n\n<div class=\\\"wpb_text_column wpb_content_element \\\">\\n\n\n<div class=\\\"wpb_wrapper\\\">\\n\n\n<p><span>DDS \\u2013 Universidad de Chile<\\\/span><br \\\/><span>Maxillofacial Surgeon \\u2013 PUC<\\\/span><br \\\/><span>Dipl. in Business Administration \\u2013 PUC<\\\/span><br \\\/><span>IOSM Ltda. Medical Director<\\\/span><\\\/p>\\n<\\\/div>\\n<\\\/div>\\n\n\n<div class=\\\"wpb_text_column wpb_content_element \\\">\\n\n\n<div class=\\\"wpb_wrapper\\\">\\n\n\n<p><span class=\\\"text-2\\\"><strong>Expertiz:<\\\/strong><\\\/span><\\\/p>\\n\n\n<p><span class=\\\"text-2\\\">Maxillofacial Surgery in Oral Cancer, Traumatology, and Maxillofacial Implant.<\\\/span><\\\/p>\\n\n\n<p><span class=\\\"text-2\\\">Biomodels by 3D Printing &amp; Rapid Prototyping in Maxillofacial Surgery.<\\\/span><\\\/p>\\n<\\\/div>\\n<\\\/div>\",\"meta\":\"CTO\"}}]},{\"type\":\"html\",\"props\":{\"content\":\"<span style=\\\"margin:10px;\\\"><\\\/span>\"}},{\"name\":\"\",\"type\":\"headline\",\"props\":{\"title_element\":\"h2\",\"content\":\"<span>EQUIPO Colaborador \\\/ CIENT\\u00cdFICOS UC<\\\/span>\",\"text_align\":\"center\"}},{\"type\":\"html\",\"props\":{\"content\":\"<span style=\\\"margin:10px;\\\"><\\\/span>\"}},{\"type\":\"grid\",\"props\":{\"show_title\":true,\"show_meta\":true,\"show_content\":true,\"show_image\":true,\"show_link\":true,\"grid_default\":\"1\",\"grid_medium\":\"2\",\"filter_style\":\"tab\",\"filter_all\":true,\"filter_position\":\"top\",\"filter_align\":\"left\",\"filter_grid_width\":\"auto\",\"filter_grid_breakpoint\":\"m\",\"title_hover_style\":\"reset\",\"title_element\":\"h2\",\"title_align\":\"top\",\"title_grid_width\":\"1-2\",\"title_grid_breakpoint\":\"m\",\"meta_style\":\"h4\",\"meta_align\":\"below-title\",\"content_column_breakpoint\":\"m\",\"icon_width\":80,\"image_align\":\"top\",\"image_grid_width\":\"1-2\",\"image_grid_breakpoint\":\"m\",\"image_svg_color\":\"emphasis\",\"link_text\":\"Read more\",\"link_style\":\"default\",\"margin\":\"default\",\"item_animation\":true,\"grid_column_gap\":\"large\",\"title_style\":\"h3\",\"title_margin\":\"medium\",\"image_width\":\"920\",\"grid_row_gap\":\"large\",\"meta_element\":\"div\",\"parallax_easing\":\"1\"},\"children\":[{\"type\":\"grid_item\",\"props\":{\"title\":\"Juan Francisco Vivanco\",\"image\":\"wp-content\\\/uploads\\\/2023\\\/04\\\/Juan-Franciso-Vivanco.jpg\",\"content\":\"Ingeniero Civil estructural<\\\/br>\\nMag\\u00edsteres en Ingenier\\u00eda de Materiales, Ingenier\\u00eda Mec\\u00e1nica y en Ingenier\\u00eda Civil<\\\/br>\\nPhd en Biomateriales y Biomec\\u00e1nica\",\"meta\":\"ASESOR\"}},{\"type\":\"grid_item\",\"props\":{\"title\":\"Kristine von Bischhoffshausen\",\"image\":\"wp-content\\\/uploads\\\/2023\\\/04\\\/Kristine-von-Bischhoffshausen.png\",\"content\":\"Cirujano Dentistaz<br \/>\\nMag\\u00edster en Ingenier\\u00eda Biol\\u00f3gica y M\\u00e9dica<br \/>\\nResidente Cirug\\u00eda Maxilofacial\\n\",\"meta\":\"\"}},{\"type\":\"grid_item\",\"props\":{\"title\":\"Catalina Celis\",\"image\":\"wp-content\\\/uploads\\\/2023\\\/04\\\/Catalina-Celis.png\",\"content\":\"Licenciada en Ciencias de la Ingenier\\u00eda\"}}]}]}],\"props\":{\"divider\":true,\"row_gap\":\"large\"}}]}],\"version\":\"3.0.6\"} --><\/p>\n","protected":false},"excerpt":{"rendered":"<p>Equipo Multidisciplinario, coordinado y centrado en un objetivo com\u00fan; innovar y mejorar la salud de nuestros pacientes. Nicole Gonz\u00e1lez Vargas CEO MBA PUCIngeniera Comercial Administradora P\u00fablica Consultora LifeGreen SpA Expertiz: Liderazgo en proyectos con impacto social Planificaci\u00f3n y Administraci\u00f3n Alex Vargas D\u00edaz CTO DDS \u2013 Universidad de ChileMaxillofacial Surgeon \u2013 PUCDipl. in Business Administration \u2013 [&hellip;]<\/p>\n","protected":false},"author":1,"featured_media":0,"parent":0,"menu_order":5,"comment_status":"closed","ping_status":"closed","template":"","meta":{"inline_featured_image":false,"footnotes":""},"class_list":["post-2","page","type-page","status-publish","hentry"],"acf":[],"_links":{"self":[{"href":"https:\/\/www.geodbone.com\/spa\/wp-json\/wp\/v2\/pages\/2","targetHints":{"allow":["GET"]}}],"collection":[{"href":"https:\/\/www.geodbone.com\/spa\/wp-json\/wp\/v2\/pages"}],"about":[{"href":"https:\/\/www.geodbone.com\/spa\/wp-json\/wp\/v2\/types\/page"}],"author":[{"embeddable":true,"href":"https:\/\/www.geodbone.com\/spa\/wp-json\/wp\/v2\/users\/1"}],"replies":[{"embeddable":true,"href":"https:\/\/www.geodbone.com\/spa\/wp-json\/wp\/v2\/comments?post=2"}],"version-history":[{"count":29,"href":"https:\/\/www.geodbone.com\/spa\/wp-json\/wp\/v2\/pages\/2\/revisions"}],"predecessor-version":[{"id":1660,"href":"https:\/\/www.geodbone.com\/spa\/wp-json\/wp\/v2\/pages\/2\/revisions\/1660"}],"wp:attachment":[{"href":"https:\/\/www.geodbone.com\/spa\/wp-json\/wp\/v2\/media?parent=2"}],"curies":[{"name":"wp","href":"https:\/\/api.w.org\/{rel}","templated":true}]}}