{"id":4,"date":"2019-06-20T16:29:20","date_gmt":"2019-06-20T16:29:20","guid":{"rendered":"http:\/\/geodbone.com\/contenido\/?p=4"},"modified":"2022-11-14T16:02:25","modified_gmt":"2022-11-14T19:02:25","slug":"home","status":"publish","type":"page","link":"https:\/\/www.geodbone.com\/spa\/","title":{"rendered":"Home"},"content":{"rendered":"<ul>\n<li>\n<p>        <img decoding=\"async\" src=\"\/spa\/wp-content\/uploads\/2022\/11\/geodbone-our-technology.jpg\" alt=\"\"><\/p>\n<h2><span style=\"font-size:50px; color:#ffffff\";>Nuestra tecnolog\u00eda<\/span><\/h2>\n<div><span style=\"font-size:20px; color:#ffffff; line-height:25px\";>Mejora la regeneraci\u00f3n \u00f3sea mediante un material de injerto constituido por part\u00edculas con propiedades biomec\u00e1nicas espec\u00edficas.<\/span><\/div>\n<\/li>\n<li>\n<p>        <img decoding=\"async\" src=\"\/spa\/wp-content\/uploads\/2022\/11\/geodbone-team.jpg\" alt=\"\"><\/p>\n<h2><span style=\"font-size:50px; color:#ffffff\";>Nuestro equipo<\/span><\/h2>\n<div><span style=\"font-size:20px; color:#ffffff; line-height:25px\";>Multidisciplinario, coordinado y centrado en un objetivo com\u00fan; innovar y mejorar la salud de nuestros pacientes.<\/p>\n<\/div>\n<\/li>\n<li>\n<p>        <img decoding=\"async\" src=\"\/spa\/wp-content\/uploads\/2022\/10\/1-1.jpg\" alt=\"\"><\/p>\n<h2><span style=\"font-size:50px; color:#ffffff\";>Nuestra investigaci\u00f3n<\/span><\/h2>\n<div><span style=\"font-size:20px; color:#ffffff; line-height:25px\";>Una contribuci\u00f3n a la mejora de la investigaci\u00f3n realizada sobre la regeneraci\u00f3n de los defectos \u00f3seos.<\/p>\n<\/div>\n<\/li>\n<li>\n<p>        <img decoding=\"async\" src=\"\/spa\/wp-content\/uploads\/2022\/11\/geodbone-opportunity.jpg\" alt=\"\"><\/p>\n<h2><span style=\"font-size:50px; color:#ffffff\";>Nuestro trabajo<\/span><\/h2>\n<div><span style=\"font-size:20px; color:#ffffff; line-height:25px\";>Nuestro trabajo pretende ser una importante contribuci\u00f3n a los biomateriales que desempe\u00f1an un papel fundamental en la regeneraci\u00f3n \u00f3sea.<\/span><\/div>\n<\/li>\n<\/ul>\n<div>Noticias<\/div>\n<h2>Toda la informaci\u00f3n de nuestro proyecto<\/h2>\n<div>\n<p>    <span style=\"margin:15px;\"><\/span> <\/span>\n<\/div>\n<div>\n<\/div>\n<p>\n    <a href=\"\/spa\/noticias\/\">M\u00e1s noticias<\/a>\n<\/p>\n<h2>Presentaci\u00f3n Proyecto<\/h2>\n<div>\n<p>    <span style=\"margin:15px;\"><\/span> <\/span>\n<\/div>\n<p><iframe src=\"https:\/\/youtu.be\/blCK6hwWhkA\"><\/iframe><\/p>\n<div>\n<p>    <span style=\"margin:15px;\"><\/span> <\/span>\n<\/div>\n<div>\n<h2>Mejorar la calidad de vida de las personas mediante innovaciones biotecnol\u00f3gicas<\/h2>\n<p>GEODBONE<\/p>\n<div>Una part\u00edcula revolucionaria que cambiar\u00e1 el concepto de los injertos \u00f3seos, creando nuevos paradigmas de regeneraci\u00f3n \u00f3sea.<\/div>\n<\/div>\n<ul>\n<li>\n<p>        <img decoding=\"async\" src=\"\/spa\/wp-content\/uploads\/2022\/11\/about-geodbone-2.svg\" alt=\"\"><\/p>\n<h3>SOBRE NOSOTROS<\/h3>\n<div>GEODBONE es una spin-off fruto de la Investigaci\u00f3n y Desarrollo de la Pontificia Universidad Cat\u00f3lica de Chile (PUC).<\/div>\n<p><a href=\"\/spa\/sobre-nosotros\/\">M\u00c1S INFORMACI\u00d3N<\/a><\/p>\n<\/li>\n<li>\n<p>        <img decoding=\"async\" src=\"\/spa\/wp-content\/uploads\/2022\/11\/achievements-geodbone-1.svg\" alt=\"\"><\/p>\n<h3>logros<\/h3>\n<div>Nuestro trabajo pretende ser una importante contribuci\u00f3n a los biomateriales que desempe\u00f1an un papel fundamental en la regeneraci\u00f3n \u00f3sea.<\/div>\n<p><a href=\"\/spa\/logros\/\">M\u00e1s Informaci\u00f3n<\/a><\/p>\n<\/li>\n<li>\n<p>        <img decoding=\"async\" src=\"\/spa\/wp-content\/uploads\/2022\/11\/investigation-geodbone.svg\" alt=\"\"><\/p>\n<h3>PROBLEMA<\/h3>\n<div>La p\u00e9rdida de hueso disminuye la funcionalidad y el bienestar del cuerpo, adem\u00e1s de no poder realizar implantes con \u00e9xito. Las soluciones actuales para el relleno \u00f3seo no siempre ofrecen un buen resultado.<\/div>\n<p><a href=\"\/spa\/sobre-el-proyecto\/\">M\u00e1s Informaci\u00f3n<\/a><\/p>\n<\/li>\n<li>\n<p>        <img decoding=\"async\" src=\"\/spa\/wp-content\/uploads\/2022\/11\/solution-geodbone-2.svg\" alt=\"\"><\/p>\n<h3>SOLUCI\u00d3N<\/h3>\n<div>Creamos un material biocompatible, biodegradable y biol\u00f3gicamente activo, fabricado con prototipado r\u00e1pido en impresi\u00f3n 3D, con una forma geod\u00e9sica muy espec\u00edfica, y con una superficie microporosa.<\/div>\n<p><a href=\"\/spa\/solucion\/\">M\u00e1s Informaci\u00f3n<\/a><\/p>\n<\/li>\n<\/ul>\n<p><!--more--><br \/>\n<!-- {\"name\":\"Home\",\"type\":\"layout\",\"children\":[{\"name\":\"Hero\",\"type\":\"section\",\"props\":{\"width\":\"\",\"style\":\"default\",\"image_size\":\"cover\",\"animation\":\"slide-left-medium\",\"animation_delay\":false,\"image_position\":\"center-center\",\"vertical_align\":\"middle\",\"title_position\":\"top-left\",\"title_rotation\":\"left\",\"title_breakpoint\":\"xl\",\"padding_remove_top\":true,\"image\":\"\",\"header_transparent_noplaceholder\":false},\"children\":[{\"name\":\"\",\"type\":\"row\",\"props\":{\"vertical_align\":true,\"column_gap\":\"large\",\"row_gap\":\"large\",\"margin_remove_top\":false,\"margin_remove_bottom\":false},\"children\":[{\"name\":\"\",\"type\":\"column\",\"props\":{\"image_position\":\"center-center\",\"vertical_align\":\"middle\",\"media_overlay_gradient\":\"\",\"width_medium\":\"\",\"position_sticky_breakpoint\":\"m\"},\"children\":[{\"type\":\"slideshow\",\"props\":{\"show_title\":true,\"show_meta\":true,\"show_content\":true,\"show_link\":true,\"show_thumbnail\":true,\"slideshow_min_height\":\"500\",\"slideshow_autoplay_pause\":false,\"nav\":\"dotnav\",\"nav_position\":\"bottom-center\",\"nav_position_margin\":\"medium\",\"nav_align\":\"center\",\"nav_breakpoint\":\"s\",\"thumbnav_width\":\"100\",\"thumbnav_height\":\"75\",\"thumbnav_svg_color\":\"emphasis\",\"slidenav\":\"default\",\"slidenav_margin\":\"large\",\"slidenav_breakpoint\":\"m\",\"slidenav_outside_breakpoint\":\"xl\",\"overlay_position\":\"center-left\",\"overlay_animation\":\"parallax\",\"title_element\":\"h2\",\"meta_style\":\"text-meta\",\"meta_align\":\"above-title\",\"meta_element\":\"div\",\"link_text\":\"Read more\",\"link_style\":\"default\",\"margin\":\"default\",\"slideshow_autoplay\":true,\"slideshow_autoplay_interval\":\"5\",\"overlay_width\":\"large\",\"overlay_container\":\"default\",\"slideshow_animation\":\"\",\"image_loading\":true,\"text_color\":\"light\",\"slideshow_box_decoration\":\"\",\"margin_remove_top\":false,\"margin_remove_bottom\":false,\"image_height\":\"600\",\"slideshow_ratio\":\"2560:900\",\"slidenav_large\":true,\"image_width\":\"2560\",\"title_style\":\"h1\",\"meta_color\":\"emphasis\"},\"children\":[{\"type\":\"slideshow_item\",\"props\":{\"title\":\"<span style=\\\"font-size:50px; color:#ffffff\\\";>Nuestra tecnolog\\u00eda<\\\/span>\",\"meta\":\"\",\"content\":\"<span style=\\\"font-size:20px; color:#ffffff; line-height:25px\\\";>Mejora la regeneraci\\u00f3n \\u00f3sea mediante un material de injerto constituido por part\\u00edculas con propiedades biomec\\u00e1nicas espec\\u00edficas.<\\\/span>\",\"image\":\"wp-content\\\/uploads\\\/2022\\\/11\\\/geodbone-our-technology.jpg\",\"link\":\"\",\"link_text\":\"\"}},{\"type\":\"slideshow_item\",\"props\":{\"title\":\"<span style=\\\"font-size:50px; color:#ffffff\\\";>Nuestro equipo<\\\/span>\",\"meta\":\"\",\"content\":\"<span style=\\\"font-size:20px; color:#ffffff; line-height:25px\\\";>Multidisciplinario, coordinado y centrado en un objetivo com\\u00fan; innovar y mejorar la salud de nuestros pacientes.<\\\/p>\",\"image\":\"wp-content\\\/uploads\\\/2022\\\/11\\\/geodbone-team.jpg\"}},{\"type\":\"slideshow_item\",\"props\":{\"title\":\"<span style=\\\"font-size:50px; color:#ffffff\\\";>Nuestra investigaci\\u00f3n<\\\/span>\",\"meta\":\"\",\"content\":\"<span style=\\\"font-size:20px; color:#ffffff; line-height:25px\\\";>Una contribuci\\u00f3n a la mejora de la investigaci\\u00f3n realizada sobre la regeneraci\\u00f3n de los defectos \\u00f3seos.<\\\/p>\",\"image\":\"wp-content\\\/uploads\\\/2022\\\/10\\\/1-1.jpg\"}},{\"type\":\"slideshow_item\",\"props\":{\"title\":\"<span style=\\\"font-size:50px; color:#ffffff\\\";>Nuestro trabajo<\\\/span>\",\"meta\":\"\",\"content\":\"<span style=\\\"font-size:20px; color:#ffffff; line-height:25px\\\";>Nuestro trabajo pretende ser una importante contribuci\\u00f3n a los biomateriales que desempe\\u00f1an un papel fundamental en la regeneraci\\u00f3n \\u00f3sea.<\\\/span>\",\"image\":\"wp-content\\\/uploads\\\/2022\\\/11\\\/geodbone-opportunity.jpg\"}}]}]}]}]},{\"type\":\"section\",\"props\":{\"style\":\"default\",\"width\":\"default\",\"vertical_align\":\"middle\",\"title_position\":\"top-left\",\"title_rotation\":\"left\",\"title_breakpoint\":\"xl\",\"image_position\":\"center-center\",\"padding\":\"large\",\"padding_remove_top\":true},\"children\":[{\"type\":\"row\",\"children\":[{\"type\":\"column\",\"props\":{\"image_position\":\"center-center\",\"media_overlay_gradient\":\"\",\"width_medium\":\"1-1\",\"position_sticky_breakpoint\":\"m\"},\"children\":[{\"type\":\"text\",\"props\":{\"margin\":\"default\",\"column_breakpoint\":\"m\",\"content\":\"Noticias\",\"text_align\":\"left\",\"text_color\":\"primary\",\"text_style\":\"meta\"}},{\"name\":\"\",\"type\":\"headline\",\"props\":{\"title_element\":\"h2\",\"content\":\"Toda la informaci\\u00f3n de nuestro proyecto\",\"text_align\":\"left\",\"margin\":\"medium\",\"margin_remove_top\":true,\"block_align\":\"center\",\"title_style\":\"h2\"}},{\"type\":\"html\",\"props\":{\"content\":\"<span style=\\\"margin:15px;\\\"><\\\/span> <\\\/span>\"}},{\"type\":\"grid\",\"props\":{\"show_title\":true,\"show_meta\":true,\"show_content\":true,\"show_image\":true,\"show_link\":true,\"grid_default\":\"1\",\"grid_medium\":\"3\",\"filter_style\":\"tab\",\"filter_all\":true,\"filter_position\":\"top\",\"filter_align\":\"left\",\"filter_grid_width\":\"auto\",\"filter_grid_breakpoint\":\"m\",\"title_hover_style\":\"reset\",\"title_element\":\"h3\",\"title_align\":\"top\",\"title_grid_width\":\"1-2\",\"title_grid_breakpoint\":\"m\",\"meta_style\":\"h5\",\"meta_align\":\"above-title\",\"meta_element\":\"div\",\"content_column_breakpoint\":\"m\",\"icon_width\":80,\"image_align\":\"top\",\"image_grid_width\":\"1-2\",\"image_grid_breakpoint\":\"m\",\"image_svg_color\":\"emphasis\",\"link_text\":\"M\\u00e1s informaci\\u00f3n\",\"link_style\":\"default\",\"margin\":\"default\",\"item_animation\":true,\"grid_small\":\"2\",\"panel_style\":\"card-default\",\"panel_link\":true,\"panel_padding\":\"default\",\"panel_image_no_padding\":true,\"title_style\":\"h4\",\"title_margin\":\"small\",\"meta_color\":\"danger\",\"image_width\":\"610\",\"position\":\"relative\",\"link_margin\":\"medium\",\"animation\":\"slide-left-small\",\"link_size\":\"small\"},\"children\":[{\"type\":\"grid_item\",\"source\":{\"props\":{\"title\":{\"filters\":{\"search\":\"\"},\"name\":\"title\"},\"meta\":{\"filters\":{\"search\":\"\",\"date\":\"\"},\"name\":\"date\"},\"image\":{\"filters\":{\"search\":\"\"},\"name\":\"field.intro_image.url\"},\"link\":{\"filters\":{\"search\":\"\"},\"name\":\"link\"}},\"query\":{\"name\":\"posts.customPosts\",\"arguments\":{\"terms\":[6],\"category_operator\":\"IN\",\"post_flag_operator\":\"IN\",\"post_tag_operator\":\"IN\",\"users\":[],\"users_operator\":\"IN\",\"offset\":0,\"limit\":3,\"order\":\"date\",\"order_direction\":\"DESC\"}}}}]},{\"type\":\"button\",\"props\":{\"grid_column_gap\":\"small\",\"grid_row_gap\":\"small\",\"margin\":\"default\",\"animation\":\"slide-left-small\",\"text_align\":\"right\"},\"children\":[{\"type\":\"button_item\",\"props\":{\"button_style\":\"default\",\"icon_align\":\"left\",\"content\":\"M\\u00e1s noticias\",\"link\":\"noticias\\\/\"}}]}]}]}],\"name\":\"News\"},{\"name\":\"Hero\",\"type\":\"section\",\"props\":{\"width\":\"\",\"style\":\"default\",\"image_size\":\"cover\",\"animation\":\"slide-left-medium\",\"animation_delay\":false,\"image_position\":\"center-center\",\"vertical_align\":\"middle\",\"title_position\":\"top-left\",\"title_rotation\":\"left\",\"title_breakpoint\":\"xl\",\"padding_remove_top\":true,\"image\":\"\",\"header_transparent_noplaceholder\":false},\"children\":[{\"name\":\"\",\"type\":\"row\",\"props\":{\"vertical_align\":true,\"column_gap\":\"large\",\"row_gap\":\"large\",\"margin_remove_top\":false,\"margin_remove_bottom\":false},\"children\":[{\"name\":\"\",\"type\":\"column\",\"props\":{\"image_position\":\"center-center\",\"vertical_align\":\"middle\",\"media_overlay_gradient\":\"\",\"width_medium\":\"\",\"position_sticky_breakpoint\":\"m\"},\"children\":[{\"name\":\"\",\"type\":\"headline\",\"props\":{\"title_element\":\"h2\",\"content\":\"Presentaci\\u00f3n Proyecto\",\"text_align\":\"center\",\"margin\":\"medium\",\"margin_remove_top\":true,\"block_align\":\"center\",\"title_style\":\"h2\"}},{\"type\":\"html\",\"props\":{\"content\":\"<span style=\\\"margin:15px;\\\"><\\\/span> <\\\/span>\"}},{\"type\":\"video\",\"props\":{\"video_controls\":true,\"margin\":\"default\",\"video\":\"https:\\\/\\\/youtu.be\\\/blCK6hwWhkA\",\"video_width\":\"650\",\"video_height\":\"500\",\"text_align\":\"center\",\"video_box_shadow\":\"medium\",\"video_box_decoration\":\"shadow\"}},{\"type\":\"html\",\"props\":{\"content\":\"<span style=\\\"margin:15px;\\\"><\\\/span> <\\\/span>\"}}]}]}]},{\"name\":\"Services\",\"type\":\"section\",\"props\":{\"width\":\"default\",\"padding\":\"large\",\"style\":\"muted\",\"image_size\":\"cover\",\"animation\":\"slide-left-medium\",\"image_position\":\"center-center\",\"vertical_align\":\"middle\",\"title_position\":\"top-left\",\"title_rotation\":\"left\",\"title_breakpoint\":\"xl\"},\"children\":[{\"name\":\"\",\"type\":\"row\",\"props\":{\"layout\":\"large,expand\",\"vertical_align\":true,\"column_gap\":\"large\",\"row_gap\":\"large\"},\"children\":[{\"name\":\"\",\"type\":\"column\",\"props\":{\"image_position\":\"center-center\",\"vertical_align\":\"middle\",\"media_overlay_gradient\":\"\",\"width_medium\":\"large\",\"width_large\":\"xlarge\",\"position_sticky_breakpoint\":\"m\"},\"children\":[{\"name\":\"\",\"type\":\"panel\",\"props\":{\"title_element\":\"h2\",\"content\":\"Una part\\u00edcula revolucionaria que cambiar\\u00e1 el concepto de los injertos \\u00f3seos, creando nuevos paradigmas de regeneraci\\u00f3n \\u00f3sea.\",\"title\":\"Mejorar la calidad de vida de las personas mediante innovaciones biotecnol\\u00f3gicas\",\"panel_style\":\"card-default\",\"title_style\":\"h2\",\"link_target\":false,\"link\":\"\",\"link_style\":\"text\",\"link_text\":\"\",\"margin\":\"default\",\"image_align\":\"top\",\"image_grid_width\":\"1-2\",\"meta_style\":\"h6\",\"meta_align\":\"above-title\",\"meta\":\"GEODBONE\",\"image_svg_color\":\"emphasis\",\"title_align\":\"top\",\"title_grid_width\":\"1-2\",\"title_hover_style\":\"reset\",\"meta_color\":\"primary\",\"link_margin\":\"large\",\"text_align\":\"left\",\"title_grid_breakpoint\":\"m\",\"image_grid_breakpoint\":\"m\",\"icon_width\":80,\"content_column_breakpoint\":\"m\",\"panel_padding\":\"large\",\"meta_element\":\"div\"}}]},{\"name\":\"\",\"type\":\"column\",\"props\":{\"image_position\":\"center-center\",\"vertical_align\":\"middle\",\"media_overlay_gradient\":\"\",\"width_medium\":\"expand\",\"width_large\":\"\",\"position_sticky_breakpoint\":\"m\"},\"children\":[{\"name\":\"\",\"type\":\"grid\",\"props\":{\"grid_default\":\"1\",\"grid_medium\":\"\",\"grid_small\":\"2\",\"margin\":\"medium\",\"text_align\":\"left\",\"show_title\":true,\"show_meta\":true,\"show_content\":true,\"show_image\":true,\"show_link\":true,\"title_element\":\"h3\",\"meta_style\":\"text-meta\",\"meta_align\":\"below-title\",\"icon_ratio\":4,\"image_align\":\"top\",\"image_grid_width\":\"1-2\",\"link_text\":\"Read more\",\"link_style\":\"default\",\"title_style\":\"h4\",\"filter_style\":\"tab\",\"filter_all\":true,\"filter_position\":\"top\",\"filter_align\":\"left\",\"filter_grid_width\":\"auto\",\"image_svg_color\":\"muted\",\"item_animation\":true,\"image_svg_inline\":false,\"image_svg_animate\":true,\"title_align\":\"top\",\"title_grid_width\":\"1-2\",\"grid_column_gap\":\"large\",\"grid_row_gap\":\"large\",\"filter_grid_breakpoint\":\"m\",\"title_grid_breakpoint\":\"m\",\"image_grid_breakpoint\":\"m\",\"title_hover_style\":\"reset\",\"content_column_breakpoint\":\"m\",\"icon_width\":80,\"meta_element\":\"div\",\"parallax_easing\":\"1\",\"image_width\":\"100\"},\"children\":[{\"name\":\"\",\"type\":\"grid_item\",\"props\":{\"content\":\"GEODBONE es una spin-off fruto de la Investigaci\\u00f3n y Desarrollo de la Pontificia Universidad Cat\\u00f3lica de Chile (PUC).\",\"title\":\"SOBRE NOSOTROS\",\"image\":\"wp-content\\\/uploads\\\/2022\\\/11\\\/about-geodbone-2.svg\",\"icon\":\"\",\"link\":\"sobre-nosotros\\\/\",\"link_text\":\"M\\u00c1S INFORMACI\\u00d3N\"}},{\"name\":\"\",\"type\":\"grid_item\",\"props\":{\"content\":\"Nuestro trabajo pretende ser una importante contribuci\\u00f3n a los biomateriales que desempe\\u00f1an un papel fundamental en la regeneraci\\u00f3n \\u00f3sea.\",\"title\":\"logros\",\"image\":\"wp-content\\\/uploads\\\/2022\\\/11\\\/achievements-geodbone-1.svg\",\"link\":\"logros\\\/\",\"link_text\":\"M\\u00e1s Informaci\\u00f3n\"}},{\"name\":\"\",\"type\":\"grid_item\",\"props\":{\"content\":\"La p\\u00e9rdida de hueso disminuye la funcionalidad y el bienestar del cuerpo, adem\\u00e1s de no poder realizar implantes con \\u00e9xito. Las soluciones actuales para el relleno \\u00f3seo no siempre ofrecen un buen resultado.\",\"title\":\"PROBLEMA\",\"image\":\"wp-content\\\/uploads\\\/2022\\\/11\\\/investigation-geodbone.svg\",\"icon\":\"\",\"link\":\"sobre-el-proyecto\\\/\",\"link_text\":\"M\\u00e1s Informaci\\u00f3n\"}},{\"name\":\"\",\"type\":\"grid_item\",\"props\":{\"content\":\"Creamos un material biocompatible, biodegradable y biol\\u00f3gicamente activo, fabricado con prototipado r\\u00e1pido en impresi\\u00f3n 3D, con una forma geod\\u00e9sica muy espec\\u00edfica, y con una superficie microporosa.\",\"title\":\"SOLUCI\\u00d3N\",\"image\":\"wp-content\\\/uploads\\\/2022\\\/11\\\/solution-geodbone-2.svg\",\"link\":\"solucion\\\/\",\"link_text\":\"M\\u00e1s Informaci\\u00f3n\"}}]}]}]}]}],\"version\":\"3.0.6\"} --><\/p>\n","protected":false},"excerpt":{"rendered":"<p>Nuestra tecnolog\u00eda Mejora la regeneraci\u00f3n \u00f3sea mediante un material de injerto constituido por part\u00edculas con propiedades biomec\u00e1nicas espec\u00edficas. Nuestro equipo Multidisciplinario, coordinado y centrado en un objetivo com\u00fan; innovar y mejorar la salud de nuestros pacientes. Nuestra investigaci\u00f3n Una contribuci\u00f3n a la mejora de la investigaci\u00f3n realizada sobre la regeneraci\u00f3n de los defectos \u00f3seos. Nuestro [&hellip;]<\/p>\n","protected":false},"author":1,"featured_media":0,"parent":0,"menu_order":3,"comment_status":"open","ping_status":"open","template":"","meta":{"inline_featured_image":false,"footnotes":""},"class_list":["post-4","page","type-page","status-publish","hentry"],"acf":[],"_links":{"self":[{"href":"https:\/\/www.geodbone.com\/spa\/wp-json\/wp\/v2\/pages\/4","targetHints":{"allow":["GET"]}}],"collection":[{"href":"https:\/\/www.geodbone.com\/spa\/wp-json\/wp\/v2\/pages"}],"about":[{"href":"https:\/\/www.geodbone.com\/spa\/wp-json\/wp\/v2\/types\/page"}],"author":[{"embeddable":true,"href":"https:\/\/www.geodbone.com\/spa\/wp-json\/wp\/v2\/users\/1"}],"replies":[{"embeddable":true,"href":"https:\/\/www.geodbone.com\/spa\/wp-json\/wp\/v2\/comments?post=4"}],"version-history":[{"count":142,"href":"https:\/\/www.geodbone.com\/spa\/wp-json\/wp\/v2\/pages\/4\/revisions"}],"predecessor-version":[{"id":1641,"href":"https:\/\/www.geodbone.com\/spa\/wp-json\/wp\/v2\/pages\/4\/revisions\/1641"}],"wp:attachment":[{"href":"https:\/\/www.geodbone.com\/spa\/wp-json\/wp\/v2\/media?parent=4"}],"curies":[{"name":"wp","href":"https:\/\/api.w.org\/{rel}","templated":true}]}}